{"id":240,"date":"2020-01-14T15:48:08","date_gmt":"2020-01-14T14:48:08","guid":{"rendered":"http:\/\/neu.dietrichkies.at\/?page_id=240"},"modified":"2020-03-16T11:29:33","modified_gmt":"2020-03-16T10:29:33","slug":"steinbruch","status":"publish","type":"page","link":"https:\/\/dietrichkies.at\/en\/leistungen\/steinbruch\/","title":{"rendered":"Steinbruch"},"content":{"rendered":"<div class=\"lazyblock-standard-slider-1egsef wp-block-lazyblock-standard-slider\"><section class=\"leistungen__swiper container swiper\" id=\"swiper-leistungen\">\n    <div class=\"swiper-container col-md-8 offset-md-1\">\n        <div class=\"swiper-wrapper\">\n                            <img\n                    data-src=\"https:\/\/dietrichkies.at\/wp-content\/uploads\/2020\/01\/steinbruch-0.jpg\"\n                    alt=\"\"\n                    class=\"swiper-slide swiper-lazy\"\n                \/>\n                            <img\n                    data-src=\"https:\/\/dietrichkies.at\/wp-content\/uploads\/2020\/01\/steinbruch-1.jpg\"\n                    alt=\"\"\n                    class=\"swiper-slide swiper-lazy\"\n                \/>\n                            <img\n                    data-src=\"https:\/\/dietrichkies.at\/wp-content\/uploads\/2020\/01\/steinbruch-2.jpg\"\n                    alt=\"\"\n                    class=\"swiper-slide swiper-lazy\"\n                \/>\n                            <img\n                    data-src=\"https:\/\/dietrichkies.at\/wp-content\/uploads\/2020\/01\/steinbruch-3.jpg\"\n                    alt=\"\"\n                    class=\"swiper-slide swiper-lazy\"\n                \/>\n                            <img\n                    data-src=\"https:\/\/dietrichkies.at\/wp-content\/uploads\/2020\/01\/steinbruch-4.jpg\"\n                    alt=\"\"\n                    class=\"swiper-slide swiper-lazy\"\n                \/>\n                            <img\n                    data-src=\"https:\/\/dietrichkies.at\/wp-content\/uploads\/2020\/01\/steinbruch-5.jpg\"\n                    alt=\"\"\n                    class=\"swiper-slide swiper-lazy\"\n                \/>\n                            <img\n                    data-src=\"https:\/\/dietrichkies.at\/wp-content\/uploads\/2020\/01\/steinbruch-6.jpg\"\n                    alt=\"\"\n                    class=\"swiper-slide swiper-lazy\"\n                \/>\n                            <img\n                    data-src=\"https:\/\/dietrichkies.at\/wp-content\/uploads\/2020\/01\/steinbruch-7.jpg\"\n                    alt=\"\"\n                    class=\"swiper-slide swiper-lazy\"\n                \/>\n                            <img\n                    data-src=\"https:\/\/dietrichkies.at\/wp-content\/uploads\/2020\/01\/steinbruch-8.jpg\"\n                    alt=\"\"\n                    class=\"swiper-slide swiper-lazy\"\n                \/>\n                            <img\n                    data-src=\"https:\/\/dietrichkies.at\/wp-content\/uploads\/2020\/01\/steinbruch-9.jpg\"\n                    alt=\"\"\n                    class=\"swiper-slide swiper-lazy\"\n                \/>\n                            <img\n                    data-src=\"https:\/\/dietrichkies.at\/wp-content\/uploads\/2020\/01\/steinbruch-10.jpg\"\n                    alt=\"\"\n                    class=\"swiper-slide swiper-lazy\"\n                \/>\n                            <img\n                    data-src=\"https:\/\/dietrichkies.at\/wp-content\/uploads\/2020\/01\/steinbruch-11.jpg\"\n                    alt=\"\"\n                    class=\"swiper-slide swiper-lazy\"\n                \/>\n                            <img\n                    data-src=\"https:\/\/dietrichkies.at\/wp-content\/uploads\/2020\/01\/steinbruch-12.jpg\"\n                    alt=\"\"\n                    class=\"swiper-slide swiper-lazy\"\n                \/>\n                    <\/div>\n    <\/div>\n    <div class=\"swiper-pagination__wrapper\">\n      <button class=\"swiper-pagination-custom__prev\">\n        <img decoding=\"async\"\n          src=\"https:\/\/dietrichkies.at\/wp-content\/themes\/dietrichkies\/assets\/img\/svg\/pfeil-links.svg\"\n          alt=\"\"\n        \/>\n        <span class=\"sr-only\">Vorherige Slide<\/span>\n      <\/button>\n      <div class=\"swiper-pagination\"><\/div>\n      <button class=\"swiper-pagination-custom__next\">\n        <img decoding=\"async\"\n          src=\"https:\/\/dietrichkies.at\/wp-content\/themes\/dietrichkies\/assets\/img\/svg\/pfeil-rechts.svg\"\n          alt=\"\"\n        \/>\n        <span class=\"sr-only\">N\u00e4chste Slide<\/span>\n      <\/button>\n    <\/div>\n<\/section><\/div>\n\n<div class=\"lazyblock-leistung-text-saeY3 wp-block-lazyblock-leistung-text\"><section class=\"leistungen__text container\">\n    <div class=\"row\">\n        <div class=\"center col-md-6 offset-md-2\">\n            <p class=\"sub-h2\">Steinbruch<\/p>\n            <h2>\n                Wir bewegen Stein f\u00fcr Stein <br>im Steinbruch Michlbach.            <\/h2>\n        <\/div>\n    <\/div>\n    <div class=\"row\">\n        <div class=\"col-md-6 offset-md-2\">\n            <p>\n                Mit der \u00dcbernahme des Steinbruchs Michlbach durch die Gebr. Dietrich GmbH im Jahr 2013 konnten wir eine Erweiterung unserer Angebotspalette sicherstellen. Seither z\u00e4hlt auch die Erzeugung und der Vertrieb von Bruchsteinen, Edelsplitt und Hartgestein zu unseren Kernkompetenzen. Mit modernster Aufbereitungstechnik produzieren wir an diesem Standort Hartsplitt f\u00fcr die Asphalterzeugung sowie Wintersplitt und Materialien f\u00fcr den Stra\u00dfenbau wie Frostkoffer und Planiematerial. Daneben werden auch Mauersteine aller Gr\u00f6\u00dfenklassen und Flussbausteine gewonnen.            <\/p>\n        <\/div>\n    <\/div>\n<\/section><\/div>\n\n<div class=\"lazyblock-leistung-bildergrid-CAaxc wp-block-lazyblock-leistung-bildergrid\"><section class=\"leistungen__subgrid container\">\n                    <div class=\"leistungen__subgrid-item leistungen__subgrid-item-1\" style=\"background-image: url(https:\/\/dietrichkies.at\/wp-content\/uploads\/2020\/01\/steinbruch-1.jpg); \"><\/div>\n                    <div class=\"leistungen__subgrid-item leistungen__subgrid-item-2\" style=\"background-image: url(https:\/\/dietrichkies.at\/wp-content\/uploads\/2020\/01\/steinbruch-2.jpg); \"><\/div>\n                    <div class=\"leistungen__subgrid-item leistungen__subgrid-item-3\" style=\"background-image: url(https:\/\/dietrichkies.at\/wp-content\/uploads\/2020\/01\/steinbruch-3.jpg); \"><\/div>\n                    <div class=\"leistungen__subgrid-item leistungen__subgrid-item-4\" style=\"background-image: url(https:\/\/dietrichkies.at\/wp-content\/uploads\/2020\/01\/steinbruch-4.jpg); \"><\/div>\n            <\/section><\/div>\n\n<div class=\"lazyblock-leistung-Z1fXrQf wp-block-lazyblock-leistung\"><section class=\"leistungen__text-slider container\">\n    <div class=\"swiper-container swiper-leistungen-sub\">\n        <div class=\"swiper-wrapper\">\n                        <div class=\"swiper-slide\">\n                <div class=\"row\">\n                    <div class=\"center col-md-6 offset-md-2\">\n                        <h2 class=\"sub-h2\">Steinbruch Michlbach<\/p>\n                    <\/div>\n                <\/div>\n                <div class=\"row leistungen__text-slider-auswahl\">\n                    <div\n                        class=\"col-2 col-lg-1 offset-lg-2 arrow__container\"\n                    >\n                        <div class=\"arrow__left align-self-start\">\n                            <img decoding=\"async\"\n                                src=\"https:\/\/dietrichkies.at\/wp-content\/themes\/dietrichkies\/assets\/img\/svg\/pfeil-links.svg\"\n                                alt=\"Pfeil nach links\"\n                            \/>\n                        <\/div>\n                    <\/div>\n                    <div class=\"col-6 col-lg-4 center\">\n                        <p class=\"intro-geschichte__jahreszahl\">\n                            Gesteinsk\u00f6rnung f\u00fcr Beton gem\u00e4\u00df \u00d6NORM EN 12620*                        <\/p>\n                    <\/div>\n                    <div class=\"col-2 col-lg-1 arrow__container\">\n                        <div class=\"arrow__right align-self-end\">\n                            <img decoding=\"async\"\n                                src=\"https:\/\/dietrichkies.at\/wp-content\/themes\/dietrichkies\/assets\/img\/svg\/pfeil-rechts.svg\"\n                                alt=\"Pfeil nach rechts\"\n                            \/>\n                        <\/div>\n                    <\/div>\n                <\/div>\n                <div class=\"row center\">\n                    <div class=\"col-lg-6 offset-lg-2\">\n                        <ul class=\"leistungen__text-slider-liste\">\n                        <li>Bruchsand 0\/4<\/li><li>Splitt 4\/8<\/li><li>Splitt 8\/16<\/li><li>Splitt 16\/22<\/li><li>Splitt 16\/32<\/li><li>Mischkies 0\/16<\/li><li>Mischkies 0\/32<\/li><li>Splitt 2\/5 gewaschen (Dolomit)<\/li><li>Gesteinsk\u00f6rnung f\u00fcr M\u00f6rtel gem\u00e4\u00df \u00d6NORM EN 13139*<\/li><li>Estrichsand 0\/4<\/li>                        <\/ul>\n                    <\/div>\n                <\/div>\n            <\/div>\n                        <div class=\"swiper-slide\">\n                <div class=\"row\">\n                    <div class=\"center col-md-6 offset-md-2\">\n                        <h2 class=\"sub-h2\">Steinbruch Michlbach<\/p>\n                    <\/div>\n                <\/div>\n                <div class=\"row leistungen__text-slider-auswahl\">\n                    <div\n                        class=\"col-2 col-lg-1 offset-lg-2 arrow__container\"\n                    >\n                        <div class=\"arrow__left align-self-start\">\n                            <img decoding=\"async\"\n                                src=\"https:\/\/dietrichkies.at\/wp-content\/themes\/dietrichkies\/assets\/img\/svg\/pfeil-links.svg\"\n                                alt=\"Pfeil nach links\"\n                            \/>\n                        <\/div>\n                    <\/div>\n                    <div class=\"col-6 col-lg-4 center\">\n                        <p class=\"intro-geschichte__jahreszahl\">\n                            Gesteinsk\u00f6rnung f\u00fcr Tragschichten gem\u00e4\u00df \u00d6NORM EN 13242*                        <\/p>\n                    <\/div>\n                    <div class=\"col-2 col-lg-1 arrow__container\">\n                        <div class=\"arrow__right align-self-end\">\n                            <img decoding=\"async\"\n                                src=\"https:\/\/dietrichkies.at\/wp-content\/themes\/dietrichkies\/assets\/img\/svg\/pfeil-rechts.svg\"\n                                alt=\"Pfeil nach rechts\"\n                            \/>\n                        <\/div>\n                    <\/div>\n                <\/div>\n                <div class=\"row center\">\n                    <div class=\"col-lg-6 offset-lg-2\">\n                        <ul class=\"leistungen__text-slider-liste\">\n                        <li>Bettungsmaterial 0\/16 (nicht frostsicher)<\/li><li>Feinplanie 0\/16<\/li><li>Planiematerial 0\/32 (Bankettschotter)<\/li><li>Frostkoffer 0\/63<\/li><li>RA III 0\/20 Asphaltbruch (g\u00fcte\u00fcberwacht)<\/li><li>RM III 0\/63 Betonbruch (g\u00fcte\u00fcberwacht)<\/li><li>RMH III 0\/63 Bauschuttrecycl. (g\u00fcte\u00fcberwacht)<\/li>                        <\/ul>\n                    <\/div>\n                <\/div>\n            <\/div>\n                        <div class=\"swiper-slide\">\n                <div class=\"row\">\n                    <div class=\"center col-md-6 offset-md-2\">\n                        <h2 class=\"sub-h2\">Steinbruch Michlbach<\/p>\n                    <\/div>\n                <\/div>\n                <div class=\"row leistungen__text-slider-auswahl\">\n                    <div\n                        class=\"col-2 col-lg-1 offset-lg-2 arrow__container\"\n                    >\n                        <div class=\"arrow__left align-self-start\">\n                            <img decoding=\"async\"\n                                src=\"https:\/\/dietrichkies.at\/wp-content\/themes\/dietrichkies\/assets\/img\/svg\/pfeil-links.svg\"\n                                alt=\"Pfeil nach links\"\n                            \/>\n                        <\/div>\n                    <\/div>\n                    <div class=\"col-6 col-lg-4 center\">\n                        <p class=\"intro-geschichte__jahreszahl\">\n                            Gesteinsk\u00f6rnung Gleisschotter gem\u00e4\u00df \u00d6NORM EN 13450*                        <\/p>\n                    <\/div>\n                    <div class=\"col-2 col-lg-1 arrow__container\">\n                        <div class=\"arrow__right align-self-end\">\n                            <img decoding=\"async\"\n                                src=\"https:\/\/dietrichkies.at\/wp-content\/themes\/dietrichkies\/assets\/img\/svg\/pfeil-rechts.svg\"\n                                alt=\"Pfeil nach rechts\"\n                            \/>\n                        <\/div>\n                    <\/div>\n                <\/div>\n                <div class=\"row center\">\n                    <div class=\"col-lg-6 offset-lg-2\">\n                        <ul class=\"leistungen__text-slider-liste\">\n                        <li>Gleisschotter 32\/63<\/li>                        <\/ul>\n                    <\/div>\n                <\/div>\n            <\/div>\n                        <div class=\"swiper-slide\">\n                <div class=\"row\">\n                    <div class=\"center col-md-6 offset-md-2\">\n                        <h2 class=\"sub-h2\">Steinbruch Michlbach<\/p>\n                    <\/div>\n                <\/div>\n                <div class=\"row leistungen__text-slider-auswahl\">\n                    <div\n                        class=\"col-2 col-lg-1 offset-lg-2 arrow__container\"\n                    >\n                        <div class=\"arrow__left align-self-start\">\n                            <img decoding=\"async\"\n                                src=\"https:\/\/dietrichkies.at\/wp-content\/themes\/dietrichkies\/assets\/img\/svg\/pfeil-links.svg\"\n                                alt=\"Pfeil nach links\"\n                            \/>\n                        <\/div>\n                    <\/div>\n                    <div class=\"col-6 col-lg-4 center\">\n                        <p class=\"intro-geschichte__jahreszahl\">\n                            Wasserbausteine gem\u00e4\u00df \u00d6NORM EN 13383-1                        <\/p>\n                    <\/div>\n                    <div class=\"col-2 col-lg-1 arrow__container\">\n                        <div class=\"arrow__right align-self-end\">\n                            <img decoding=\"async\"\n                                src=\"https:\/\/dietrichkies.at\/wp-content\/themes\/dietrichkies\/assets\/img\/svg\/pfeil-rechts.svg\"\n                                alt=\"Pfeil nach rechts\"\n                            \/>\n                        <\/div>\n                    <\/div>\n                <\/div>\n                <div class=\"row center\">\n                    <div class=\"col-lg-6 offset-lg-2\">\n                        <ul class=\"leistungen__text-slider-liste\">\n                        <li>LMB 15\/300 (15-300 kg)<\/li><li>HMB 300\/1000 (300-1000 kg)<\/li><li>HMB 1000\/3000 (1000-3000 kg)<\/li><li>HMB 3000\/6000 (3000-6000 kg)<\/li>                        <\/ul>\n                    <\/div>\n                <\/div>\n            <\/div>\n                        <div class=\"swiper-slide\">\n                <div class=\"row\">\n                    <div class=\"center col-md-6 offset-md-2\">\n                        <h2 class=\"sub-h2\">Steinbruch Michlbach<\/p>\n                    <\/div>\n                <\/div>\n                <div class=\"row leistungen__text-slider-auswahl\">\n                    <div\n                        class=\"col-2 col-lg-1 offset-lg-2 arrow__container\"\n                    >\n                        <div class=\"arrow__left align-self-start\">\n                            <img decoding=\"async\"\n                                src=\"https:\/\/dietrichkies.at\/wp-content\/themes\/dietrichkies\/assets\/img\/svg\/pfeil-links.svg\"\n                                alt=\"Pfeil nach links\"\n                            \/>\n                        <\/div>\n                    <\/div>\n                    <div class=\"col-6 col-lg-4 center\">\n                        <p class=\"intro-geschichte__jahreszahl\">\n                            Sonstige Produkte                        <\/p>\n                    <\/div>\n                    <div class=\"col-2 col-lg-1 arrow__container\">\n                        <div class=\"arrow__right align-self-end\">\n                            <img decoding=\"async\"\n                                src=\"https:\/\/dietrichkies.at\/wp-content\/themes\/dietrichkies\/assets\/img\/svg\/pfeil-rechts.svg\"\n                                alt=\"Pfeil nach rechts\"\n                            \/>\n                        <\/div>\n                    <\/div>\n                <\/div>\n                <div class=\"row center\">\n                    <div class=\"col-lg-6 offset-lg-2\">\n                        <ul class=\"leistungen__text-slider-liste\">\n                        <li>Mauersteine<\/li><li>Abraum<\/li><li>Abraum sortiert<\/li><li>Humus<\/li><li>Tiroler Rot 4\/8<\/li><li>Rollierung 32\/63<\/li><li>Grobrollierung 32 x<\/li><li>Kabelsand 0\/4<\/li><li>Splitt 2\/5<\/li><li>Wintersplitt 2\/5 trocken<\/li><li>Wintersplitt 4\/8 trocken<\/li><li>Wintersplitt 4\/11 trocken<\/li>                        <\/ul>\n                    <\/div>\n                <\/div>\n            <\/div>\n                    <\/div>\n    <\/div>\n<\/section><\/div>","protected":false},"excerpt":{"rendered":"","protected":false},"author":2,"featured_media":0,"parent":242,"menu_order":0,"comment_status":"closed","ping_status":"closed","template":"","meta":{"inline_featured_image":false,"footnotes":""},"class_list":["post-240","page","type-page","status-publish","hentry"],"_links":{"self":[{"href":"https:\/\/dietrichkies.at\/en\/wp-json\/wp\/v2\/pages\/240","targetHints":{"allow":["GET"]}}],"collection":[{"href":"https:\/\/dietrichkies.at\/en\/wp-json\/wp\/v2\/pages"}],"about":[{"href":"https:\/\/dietrichkies.at\/en\/wp-json\/wp\/v2\/types\/page"}],"author":[{"embeddable":true,"href":"https:\/\/dietrichkies.at\/en\/wp-json\/wp\/v2\/users\/2"}],"replies":[{"embeddable":true,"href":"https:\/\/dietrichkies.at\/en\/wp-json\/wp\/v2\/comments?post=240"}],"version-history":[{"count":10,"href":"https:\/\/dietrichkies.at\/en\/wp-json\/wp\/v2\/pages\/240\/revisions"}],"predecessor-version":[{"id":441,"href":"https:\/\/dietrichkies.at\/en\/wp-json\/wp\/v2\/pages\/240\/revisions\/441"}],"up":[{"embeddable":true,"href":"https:\/\/dietrichkies.at\/en\/wp-json\/wp\/v2\/pages\/242"}],"wp:attachment":[{"href":"https:\/\/dietrichkies.at\/en\/wp-json\/wp\/v2\/media?parent=240"}],"curies":[{"name":"wp","href":"https:\/\/api.w.org\/{rel}","templated":true}]}}