{"id":309,"date":"2020-01-20T11:15:07","date_gmt":"2020-01-20T10:15:07","guid":{"rendered":"http:\/\/neu.dietrichkies.at\/?page_id=309"},"modified":"2026-03-13T10:16:20","modified_gmt":"2026-03-13T09:16:20","slug":"standorte","status":"publish","type":"page","link":"https:\/\/dietrichkies.at\/en\/standorte\/","title":{"rendered":"Standorte"},"content":{"rendered":"<div class=\"lazyblock-standorte-2ec4hX wp-block-lazyblock-standorte\"><section class=\"subpage__heading container\">\n    <div class=\"row\">\n        <div class=\"col-10 center\">\n            <p class=\"sub-h2\">Standorte<\/p>\n        <\/div>\n    <\/div>\n    <div class=\"row\">\n        <div class=\"col-md-8 offset-md-1 center\">\n        <h2>2 Niederlassungen &amp; 5 Standorte sorgen f\u00fcr<br>Flexibilit\u00e4t &amp; Effektivit\u00e4t.<\/h2>\n        <\/div>\n    <\/div>\n<\/section>\n\n<section class=\"container standort__daten\">\n    <div class=\"row\">\n              <div class=\"col-10 col-md-5 col-lg-2 offset-lg-2 center kontakt__box\">\n            <img decoding=\"async\" src=\"https:\/\/dietrichkies.at\/wp-content\/themes\/dietrichkies\/assets\/img\/svg\/pfeil-unten.svg\" class=\"arrow__down\" alt=\"\">\n            <ul class=\"standorte__liste\">\n              <li class=\"standorte__first-item\"><h3 class=\"underline\">Zentrale Lavant<\/h3><\/li>\n              <li>Gebr. Dietrich GmbH<\/li>\n              <li><a href=\"https:\/\/goo.gl\/maps\/VBVviyhncBv57ahS9\" target=\"_blank\" rel=\"nofollow noreferrer\">Nr. 33, 9906 Lavant<\/a><\/li>\n              <li>Telefon: +43 4852 68102<\/li>\n              <li><a href=\"mailto:office@dietrichkies.at\">office@dietrichkies.at<\/a><\/li>\n            <\/ul>\n        <\/div>\n              <div class=\"col-10 col-md-5 col-lg-2  center kontakt__box\">\n            <img decoding=\"async\" src=\"https:\/\/dietrichkies.at\/wp-content\/themes\/dietrichkies\/assets\/img\/svg\/pfeil-unten.svg\" class=\"arrow__down\" alt=\"\">\n            <ul class=\"standorte__liste\">\n              <li class=\"standorte__first-item\"><h3 class=\"underline\">Erdbau Bstieler<\/h3><\/li>\n              <li>Erdbau Bstieler GmbH<\/li>\n              <li><a href=\"https:\/\/goo.gl\/maps\/58yVkeDMReq4hUfC9\" target=\"_blank\" rel=\"nofollow noreferrer\">Virgental Stra\u00dfe 37, 9972 Virgen<\/a><\/li>\n              <li>Telefon: +43 699 11621775<\/li>\n              <li><a href=\"mailto:office@bstieler-erdbau.at\">office@bstieler-erdbau.at<\/a><\/li>\n            <\/ul>\n        <\/div>\n              <div class=\"col-10 col-md-5 col-lg-2  center kontakt__box\">\n            <img decoding=\"async\" src=\"https:\/\/dietrichkies.at\/wp-content\/themes\/dietrichkies\/assets\/img\/svg\/pfeil-unten.svg\" class=\"arrow__down\" alt=\"\">\n            <ul class=\"standorte__liste\">\n              <li class=\"standorte__first-item\"><h3 class=\"underline\">Erdbau Wierer<\/h3><\/li>\n              <li>Wierer Erdbau GmbH<\/li>\n              <li><a href=\"https:\/\/maps.app.goo.gl\/tLumTxBhd8udVBzv9\" target=\"_blank\" rel=\"nofollow noreferrer\">Panzendorf 136, 9919 Heinfels<\/a><\/li>\n              <li>Telefon: +43 4852 68102<\/li>\n              <li><a href=\"mailto:office@wierer-erdbau.at\">office@wierer-erdbau.at<\/a><\/li>\n            <\/ul>\n        <\/div>\n          <\/div>\n<\/section>\n\n<section class=\"container\">\n    <div class=\"row\">\n        <div class=\"col-sm-8 offset-sm-1 center standorte-karte\">\n          <img decoding=\"async\" src=\"https:\/\/dietrichkies.at\/\/wp-content\/uploads\/2020\/01\/karte-osttirol.svg\" alt=\"\" \/>\n        <\/div>\n    <\/div>\n<\/section>\n<\/div>\n\n<div class=\"lazyblock-slider-standorte-qhNig wp-block-lazyblock-slider-standorte\"><section class=\"container standorte__wrapper\">\n    <div class=\"row\">\n        <div class=\"col-10 center\">\n            <div class=\"sub-h2\">Unsere 5 Standorte im \u00dcberblick:<\/div>\n        <\/div>\n    <\/div>\n    <div class=\"swiper-container swiper-standorte\">\n        <div class=\"swiper-wrapper\">\n                        <div class=\"swiper-slide\">\n                <div class=\"row\">\n                    <div class=\"col-10 center\">\n                        <h2>Steinbruch Michlbach<\/h2>\n                    <\/div>\n                <\/div>\n                <div class=\"row standorte__upper-wrapper\">\n                    <div\n                        class=\"col-2 col-lg-1 offset-lg-2 arrow__container\"\n                    >\n                        <div class=\"arrow__left align-self-start\">\n                            <img decoding=\"async\"\n                                src=\"https:\/\/dietrichkies.at\/wp-content\/themes\/dietrichkies\/assets\/img\/svg\/pfeil-links.svg\"\n                                alt=\"Pfeil nach links\"\n                            \/>\n                        <\/div>\n                    <\/div>\n\n                    <div class=\"col-6 col-lg-4\">\n                        <img decoding=\"async\" src=\"https:\/\/dietrichkies.at\/wp-content\/uploads\/2020\/01\/steinbruch_michlbach-1.jpg\" alt=\"\" class=\"standorte__slider-bild\">\n                    <\/div>\n\n                    <div class=\"col-2 col-lg-1 arrow__container\">\n                        <div class=\"arrow__right align-self-end\">\n                            <img decoding=\"async\"\n                                src=\"https:\/\/dietrichkies.at\/wp-content\/themes\/dietrichkies\/assets\/img\/svg\/pfeil-rechts.svg\"\n                                alt=\"Pfeil nach rechts\"\n                            \/>\n                        <\/div>\n                    <\/div>\n                <\/div>\n                <div class=\"row\">\n                    <div class=\"col-10 center\">\n                                                  <a href=\"https:\/\/goo.gl\/maps\/VBVviyhncBv57ahS9\" target=\"_blank\" rel=\"nofollow noreferrer\">Steinbruch Michlbach, 9952 St. Johann im Walde 43<\/a>\n                                            <\/div>\n                <\/div>\n            <\/div>\n                        <div class=\"swiper-slide\">\n                <div class=\"row\">\n                    <div class=\"col-10 center\">\n                        <h2>Kieswerk Leisach<\/h2>\n                    <\/div>\n                <\/div>\n                <div class=\"row standorte__upper-wrapper\">\n                    <div\n                        class=\"col-2 col-lg-1 offset-lg-2 arrow__container\"\n                    >\n                        <div class=\"arrow__left align-self-start\">\n                            <img decoding=\"async\"\n                                src=\"https:\/\/dietrichkies.at\/wp-content\/themes\/dietrichkies\/assets\/img\/svg\/pfeil-links.svg\"\n                                alt=\"Pfeil nach links\"\n                            \/>\n                        <\/div>\n                    <\/div>\n\n                    <div class=\"col-6 col-lg-4\">\n                        <img decoding=\"async\" src=\"https:\/\/dietrichkies.at\/wp-content\/uploads\/2020\/01\/kieswerk_leisach.jpg\" alt=\"\" class=\"standorte__slider-bild\">\n                    <\/div>\n\n                    <div class=\"col-2 col-lg-1 arrow__container\">\n                        <div class=\"arrow__right align-self-end\">\n                            <img decoding=\"async\"\n                                src=\"https:\/\/dietrichkies.at\/wp-content\/themes\/dietrichkies\/assets\/img\/svg\/pfeil-rechts.svg\"\n                                alt=\"Pfeil nach rechts\"\n                            \/>\n                        <\/div>\n                    <\/div>\n                <\/div>\n                <div class=\"row\">\n                    <div class=\"col-10 center\">\n                                                  Dolomitabbau Leisach, 9909 Leisach-Burgfrieden                                            <\/div>\n                <\/div>\n            <\/div>\n                        <div class=\"swiper-slide\">\n                <div class=\"row\">\n                    <div class=\"col-10 center\">\n                        <h2>Kieswerk Assling<\/h2>\n                    <\/div>\n                <\/div>\n                <div class=\"row standorte__upper-wrapper\">\n                    <div\n                        class=\"col-2 col-lg-1 offset-lg-2 arrow__container\"\n                    >\n                        <div class=\"arrow__left align-self-start\">\n                            <img decoding=\"async\"\n                                src=\"https:\/\/dietrichkies.at\/wp-content\/themes\/dietrichkies\/assets\/img\/svg\/pfeil-links.svg\"\n                                alt=\"Pfeil nach links\"\n                            \/>\n                        <\/div>\n                    <\/div>\n\n                    <div class=\"col-6 col-lg-4\">\n                        <img decoding=\"async\" src=\"https:\/\/dietrichkies.at\/wp-content\/uploads\/2020\/02\/kieswerk_assling.jpg\" alt=\"\" class=\"standorte__slider-bild\">\n                    <\/div>\n\n                    <div class=\"col-2 col-lg-1 arrow__container\">\n                        <div class=\"arrow__right align-self-end\">\n                            <img decoding=\"async\"\n                                src=\"https:\/\/dietrichkies.at\/wp-content\/themes\/dietrichkies\/assets\/img\/svg\/pfeil-rechts.svg\"\n                                alt=\"Pfeil nach rechts\"\n                            \/>\n                        <\/div>\n                    <\/div>\n                <\/div>\n                <div class=\"row\">\n                    <div class=\"col-10 center\">\n                                                  Schotterwerk Wei\u00dfe Riese Assling, 9911 Assling                                            <\/div>\n                <\/div>\n            <\/div>\n                        <div class=\"swiper-slide\">\n                <div class=\"row\">\n                    <div class=\"col-10 center\">\n                        <h2>Nassbaggerung Lavant<\/h2>\n                    <\/div>\n                <\/div>\n                <div class=\"row standorte__upper-wrapper\">\n                    <div\n                        class=\"col-2 col-lg-1 offset-lg-2 arrow__container\"\n                    >\n                        <div class=\"arrow__left align-self-start\">\n                            <img decoding=\"async\"\n                                src=\"https:\/\/dietrichkies.at\/wp-content\/themes\/dietrichkies\/assets\/img\/svg\/pfeil-links.svg\"\n                                alt=\"Pfeil nach links\"\n                            \/>\n                        <\/div>\n                    <\/div>\n\n                    <div class=\"col-6 col-lg-4\">\n                        <img decoding=\"async\" src=\"https:\/\/dietrichkies.at\/wp-content\/uploads\/2020\/02\/zentrale_lavant.jpg\" alt=\"\" class=\"standorte__slider-bild\">\n                    <\/div>\n\n                    <div class=\"col-2 col-lg-1 arrow__container\">\n                        <div class=\"arrow__right align-self-end\">\n                            <img decoding=\"async\"\n                                src=\"https:\/\/dietrichkies.at\/wp-content\/themes\/dietrichkies\/assets\/img\/svg\/pfeil-rechts.svg\"\n                                alt=\"Pfeil nach rechts\"\n                            \/>\n                        <\/div>\n                    <\/div>\n                <\/div>\n                <div class=\"row\">\n                    <div class=\"col-10 center\">\n                                                  Nr. 33, 9906 Lavant                                            <\/div>\n                <\/div>\n            <\/div>\n                        <div class=\"swiper-slide\">\n                <div class=\"row\">\n                    <div class=\"col-10 center\">\n                        <h2>Deponie Pfister<\/h2>\n                    <\/div>\n                <\/div>\n                <div class=\"row standorte__upper-wrapper\">\n                    <div\n                        class=\"col-2 col-lg-1 offset-lg-2 arrow__container\"\n                    >\n                        <div class=\"arrow__left align-self-start\">\n                            <img decoding=\"async\"\n                                src=\"https:\/\/dietrichkies.at\/wp-content\/themes\/dietrichkies\/assets\/img\/svg\/pfeil-links.svg\"\n                                alt=\"Pfeil nach links\"\n                            \/>\n                        <\/div>\n                    <\/div>\n\n                    <div class=\"col-6 col-lg-4\">\n                        <img decoding=\"async\" src=\"https:\/\/dietrichkies.at\/wp-content\/uploads\/2020\/02\/deponie_pfister.jpg\" alt=\"\" class=\"standorte__slider-bild\">\n                    <\/div>\n\n                    <div class=\"col-2 col-lg-1 arrow__container\">\n                        <div class=\"arrow__right align-self-end\">\n                            <img decoding=\"async\"\n                                src=\"https:\/\/dietrichkies.at\/wp-content\/themes\/dietrichkies\/assets\/img\/svg\/pfeil-rechts.svg\"\n                                alt=\"Pfeil nach rechts\"\n                            \/>\n                        <\/div>\n                    <\/div>\n                <\/div>\n                <div class=\"row\">\n                    <div class=\"col-10 center\">\n                                                  Deponie Pfister Lienz                                            <\/div>\n                <\/div>\n            <\/div>\n                        \n        <\/div>\n    <\/div>\n<\/section><\/div>","protected":false},"excerpt":{"rendered":"","protected":false},"author":2,"featured_media":0,"parent":0,"menu_order":0,"comment_status":"closed","ping_status":"closed","template":"","meta":{"inline_featured_image":false,"footnotes":""},"class_list":["post-309","page","type-page","status-publish","hentry"],"_links":{"self":[{"href":"https:\/\/dietrichkies.at\/en\/wp-json\/wp\/v2\/pages\/309","targetHints":{"allow":["GET"]}}],"collection":[{"href":"https:\/\/dietrichkies.at\/en\/wp-json\/wp\/v2\/pages"}],"about":[{"href":"https:\/\/dietrichkies.at\/en\/wp-json\/wp\/v2\/types\/page"}],"author":[{"embeddable":true,"href":"https:\/\/dietrichkies.at\/en\/wp-json\/wp\/v2\/users\/2"}],"replies":[{"embeddable":true,"href":"https:\/\/dietrichkies.at\/en\/wp-json\/wp\/v2\/comments?post=309"}],"version-history":[{"count":11,"href":"https:\/\/dietrichkies.at\/en\/wp-json\/wp\/v2\/pages\/309\/revisions"}],"predecessor-version":[{"id":685,"href":"https:\/\/dietrichkies.at\/en\/wp-json\/wp\/v2\/pages\/309\/revisions\/685"}],"wp:attachment":[{"href":"https:\/\/dietrichkies.at\/en\/wp-json\/wp\/v2\/media?parent=309"}],"curies":[{"name":"wp","href":"https:\/\/api.w.org\/{rel}","templated":true}]}}