{"id":339,"date":"2020-01-20T12:49:39","date_gmt":"2020-01-20T11:49:39","guid":{"rendered":"http:\/\/neu.dietrichkies.at\/?page_id=339"},"modified":"2020-01-27T15:17:16","modified_gmt":"2020-01-27T14:17:16","slug":"impressum","status":"publish","type":"page","link":"https:\/\/dietrichkies.at\/en\/impressum\/","title":{"rendered":"Impressum"},"content":{"rendered":"<div class=\"lazyblock-impressum-datenschutz-LpGj3 wp-block-lazyblock-impressum-datenschutz\"><section class=\"subpage__heading container\">\n    <div class=\"row\">\n        <div class=\"col-1 offset-9\">\n            <img decoding=\"async\" src=\"https:\/\/dietrichkies.at\/wp-content\/themes\/dietrichkies\/assets\/img\/svg\/close.svg\" class=\"impressum-close\" alt=\"\">\n        <\/div>\n    <\/div>\n    \n    <div class=\"row\">\n        <div class=\"col-md-8 offset-md-1 center\">\n        <h2>\n           Impressum        <\/h2>\n        <\/div>\n        \n    <\/div>\n    \n    <div class=\"row\">\n        <div class=\"col-md-8 offset-md-1 impressum\">\n          \n\n<p>Informationspflicht laut \u00a75 E-Commerce Gesetz, \u00a714 Unternehmensgesetzbuch, \u00a763 Gewerbeordnung und Offenlegungspflicht laut \u00a725 Mediengesetz.<\/p>\n<p>Gebr. Dietrich GmbH<br>Nr. 33, <br>9906 Lavant, <br>\u00d6sterreich<\/p>\n<p><strong>Unternehmensgegenstand: <\/strong>Erdbewegungsunternehmen, angeschlossen ist der Verleih von Baumaschinen und -ger\u00e4ten. Weiters befasst man sich mit der Sand-, Kies- und Schottererzeugung, mit der Durchf\u00fchrung von Schottertransporten, sowie mit Schneer\u00e4umungsarbeiten.<br><strong>UID-Nummer:<\/strong> ATU30621002<br><strong>Firmenbuchnummer:<\/strong> FN 45517 m<br><strong>Firmenbuchgericht:<\/strong> Innsbruck<br><strong>Firmensitz:<\/strong> 9906 Lavant<\/p>\n<p><strong>Tel.:<\/strong> +43 4852 68102<br><strong>Fax:<\/strong> +43 4852 67267<br><strong>E-Mail:<\/strong> <a href=\"mailto:office@dietrichkies.at\">office@dietrichkies.at<\/a><\/p>\n<p><strong>Berufsrecht:<\/strong> Gewerbeordnung: www.ris.bka.gv.at<\/p>\n<p><strong>Aufsichtsbeh\u00f6rde\/Gewerbebeh\u00f6rde:<\/strong> Bezirkshauptmannschaft Lienz<br><strong>Verleihungsstaat:<\/strong> \u00d6sterreich<\/p>\n<p><strong>Gesch\u00e4ftsf\u00fchrer<\/strong> <br>Angelika Dietrich, Mag. Dirk Dietrich<\/p>\n<p style=\"margin-top: 15px;\">Quelle: Erstellt&nbsp;mit dem <a style=\"text-decoration: none;\" title=\"Impressum Generator von firmenwebseiten.at\" href=\"https:\/\/www.firmenwebseiten.at\/impressum-generator\/\" target=\"_blank\" rel=\"follow noopener noreferrer\">Impressum Generator von firmenwebseiten.at<\/a>&nbsp;in Kooperation mit <a style=\"text-decoration: none;\" title=\"\" href=\"https:\/\/www.allesfashion.at\" target=\"_blank\" rel=\"follow noopener noreferrer\">allesfashion.at<\/a><\/p>\n<h3>EU-Streitschlichtung<\/h3>\n<p>Gem\u00e4\u00df Verordnung \u00fcber Online-Streitbeilegung in Verbraucherangelegenheiten (ODR-Verordnung) m\u00f6chten wir Sie \u00fcber die Online-Streitbeilegungsplattform (OS-Plattform) informieren.<br>Verbraucher haben die M\u00f6glichkeit, Beschwerden an die Online Streitbeilegungsplattform der Europ\u00e4ischen Kommission unter <a class=\"external\" href=\"https:\/\/ec.europa.eu\/consumers\/odr\/main\/index.cfm?event=main.home2.show&#038;lng=DE\" target=\"_blank\" rel=\"nofollow noopener noreferrer\">http:\/\/ec.europa.eu\/odr?tid=221105454<\/a> zu richten. Die daf\u00fcr notwendigen Kontaktdaten finden Sie oberhalb in unserem Impressum.<\/p>\n<p>Wir m\u00f6chten Sie jedoch darauf hinweisen, dass wir nicht bereit oder verpflichtet sind, an Streitbeilegungsverfahren vor einer Verbraucherschlichtungsstelle teilzunehmen.<\/p>\n<h3>Haftung f\u00fcr Inhalte dieser Webseite<\/h3>\n<p>Wir entwickeln die Inhalte dieser Webseite st\u00e4ndig weiter und bem\u00fchen uns korrekte und aktuelle Informationen bereitzustellen. Leider k\u00f6nnen wir keine Haftung f\u00fcr die Korrektheit aller Inhalte auf dieser Webseite \u00fcbernehmen, speziell f\u00fcr jene die seitens Dritter bereitgestellt wurden.<\/p>\n<p>Sollten Ihnen problematische oder rechtswidrige Inhalte auffallen, bitten wir Sie uns umgehend zu kontaktieren, Sie finden die Kontaktdaten im Impressum.<\/p>\n<h3>Haftung f\u00fcr Links auf dieser Webseite<\/h3>\n<p>Unsere Webseite enth\u00e4lt Links zu anderen Webseiten f\u00fcr deren Inhalt wir nicht verantwortlich sind. Haftung f\u00fcr verlinkte Websites besteht laut <a class=\"external\" href=\"https:\/\/www.ris.bka.gv.at\/Dokument.wxe?Abfrage=Bundesnormen&#038;Dokumentnummer=NOR40025813&#038;tid=221105454\" target=\"_blank\" rel=\"noopener nofollow noreferrer\">\u00a7 17 ECG<\/a> f\u00fcr uns nicht, da wir keine Kenntnis rechtswidriger T\u00e4tigkeiten hatten und haben, uns solche Rechtswidrigkeiten auch bisher nicht aufgefallen sind und wir Links sofort entfernen w\u00fcrden, wenn uns Rechtswidrigkeiten bekannt werden.<\/p>\n<p>Wenn Ihnen rechtswidrige Links auf unserer Website auffallen, bitten wir Sie uns zu kontaktieren, Sie finden die Kontaktdaten im Impressum.<\/p>\n<h3>Urheberrechtshinweis<\/h3>\n<p>Alle Inhalte dieser Webseite (Bilder, Fotos, Texte, Videos) unterliegen dem Urheberrecht. Falls notwendig, werden wir die unerlaubte Nutzung von Teilen der Inhalte unserer Seite rechtlich verfolgen.<\/p>\n<h3>Bildernachweis<\/h3>\n<p>Die Bilder, Fotos und Grafiken auf dieser Webseite sind urheberrechtlich gesch\u00fctzt.<\/p>\n<p style=\"margin-top:15px;\">Quelle: Erstellt&nbsp;mit dem&nbsp;<a title=\"Datenschutz Generator von firmenwebseiten.at\" href=\"https:\/\/www.firmenwebseiten.at\/datenschutz-generator\/\" target=\"_blank\" rel=\"follow noopener noreferrer\" style=\"text-decoration:none;\">Datenschutz Generator von firmenwebseiten.at<\/a>&nbsp;in Kooperation mit <a href=\"https:\/\/www.meinhaushalt.at\" target=\"_blank\" rel=\"follow noopener noreferrer\" title=\"\" style=\"text-decoration:none;\">meinhaushalt.at<\/a>\n<\/p>\n\n        <\/div>\n    <\/div>\n<\/section><\/div>","protected":false},"excerpt":{"rendered":"","protected":false},"author":2,"featured_media":0,"parent":0,"menu_order":0,"comment_status":"closed","ping_status":"closed","template":"","meta":{"inline_featured_image":false,"footnotes":""},"class_list":["post-339","page","type-page","status-publish","hentry"],"_links":{"self":[{"href":"https:\/\/dietrichkies.at\/en\/wp-json\/wp\/v2\/pages\/339","targetHints":{"allow":["GET"]}}],"collection":[{"href":"https:\/\/dietrichkies.at\/en\/wp-json\/wp\/v2\/pages"}],"about":[{"href":"https:\/\/dietrichkies.at\/en\/wp-json\/wp\/v2\/types\/page"}],"author":[{"embeddable":true,"href":"https:\/\/dietrichkies.at\/en\/wp-json\/wp\/v2\/users\/2"}],"replies":[{"embeddable":true,"href":"https:\/\/dietrichkies.at\/en\/wp-json\/wp\/v2\/comments?post=339"}],"version-history":[{"count":4,"href":"https:\/\/dietrichkies.at\/en\/wp-json\/wp\/v2\/pages\/339\/revisions"}],"predecessor-version":[{"id":352,"href":"https:\/\/dietrichkies.at\/en\/wp-json\/wp\/v2\/pages\/339\/revisions\/352"}],"wp:attachment":[{"href":"https:\/\/dietrichkies.at\/en\/wp-json\/wp\/v2\/media?parent=339"}],"curies":[{"name":"wp","href":"https:\/\/api.w.org\/{rel}","templated":true}]}}