{"id":350,"date":"2020-01-27T15:16:23","date_gmt":"2020-01-27T14:16:23","guid":{"rendered":"http:\/\/neu.dietrichkies.at\/?page_id=350"},"modified":"2020-01-27T15:16:24","modified_gmt":"2020-01-27T14:16:24","slug":"datenschutz","status":"publish","type":"page","link":"https:\/\/dietrichkies.at\/en\/datenschutz\/","title":{"rendered":"Datenschutz"},"content":{"rendered":"<div class=\"lazyblock-impressum-datenschutz-Z1VcPDd wp-block-lazyblock-impressum-datenschutz\"><section class=\"subpage__heading container\">\n    <div class=\"row\">\n        <div class=\"col-1 offset-9\">\n            <img decoding=\"async\" src=\"https:\/\/dietrichkies.at\/wp-content\/themes\/dietrichkies\/assets\/img\/svg\/close.svg\" class=\"impressum-close\" alt=\"\">\n        <\/div>\n    <\/div>\n    \n    <div class=\"row\">\n        <div class=\"col-md-8 offset-md-1 center\">\n        <h2>\n           Datenschutz        <\/h2>\n        <\/div>\n        \n    <\/div>\n    \n    <div class=\"row\">\n        <div class=\"col-md-8 offset-md-1 impressum\">\n          \n\n<p>Wir haben diese Datenschutzerkl\u00e4rung (Fassung 28.10.2019-221105454) verfasst, um Ihnen gem\u00e4\u00df der Vorgaben der Datenschutz-Grundverordnung (EU) 2016\/679 und dem <a href=\"https:\/\/www.ris.bka.gv.at\/GeltendeFassung.wxe?Abfrage=Bundesnormen&#038;Gesetzesnummer=10001597&#038;tid=221105454\" target=\"_blank\" rel=\"noopener nofollow noreferrer\" class=\"external\">Datenschutzgesetz (DSG)<\/a> zu erkl\u00e4ren, welche Informationen wir sammeln, wie wir Daten verwenden und welche Entscheidungsm\u00f6glichkeiten Sie als Besucher dieser Webseite haben.<\/p>\n<p>Leider liegt es in der Natur der Sache, dass diese Erkl\u00e4rungen sehr technisch klingen. Wir haben uns bei der Erstellung jedoch bem\u00fcht die wichtigsten Dinge so einfach und klar wie m\u00f6glich zu beschreiben.<\/p>\n<h3>Automatische Datenspeicherung<\/h3>\n<p>Wenn Sie heutzutage Webseiten besuchen, werden gewisse Informationen automatisch erstellt und gespeichert, so auch auf dieser Webseite.<\/p>\n<p>Wenn Sie unsere Webseite so wie jetzt gerade besuchen, speichert unser Webserver (Computer auf dem diese Webseite gespeichert ist) automatisch Daten wie<\/p>\n<ul>\n<li>die Adresse (URL) der aufgerufenen Webseite<\/li>\n<li>Browser und Browserversion<\/li>\n<li>das verwendete Betriebssystem<\/li>\n<li>die Adresse (URL) der zuvor besuchten Seite (Referrer URL)<\/li>\n<li>den Hostname und die IP-Adresse des Ger\u00e4ts von welchem aus zugegriffen wird<\/li>\n<li>Datum und Uhrzeit<\/li>\n<\/ul>\n<p>in Dateien (Webserver-Logfiles).<\/p>\n<p>In der Regel werden Webserver-Logfiles zwei Wochen gespeichert und danach automatisch gel\u00f6scht. Wir geben diese Daten nicht weiter, k\u00f6nnen jedoch nicht ausschlie\u00dfen, dass diese Daten beim Vorliegen von rechtswidrigem Verhalten eingesehen werden.<\/p>\n<h3>Rechte laut Datenschutzgrundverordnung<\/h3>\n<p>Ihnen stehen laut den Bestimmungen der DSGVO und des \u00f6sterreichischen <a href=\"https:\/\/www.ris.bka.gv.at\/GeltendeFassung.wxe?Abfrage=Bundesnormen&#038;Gesetzesnummer=10001597&#038;tid=221105454\" target=\"_blank\" rel=\"noopener nofollow noreferrer\" class=\"external\">Datenschutzgesetzes (DSG)<\/a> grunds\u00e4tzlich die folgende Rechte zu:<\/p>\n<ul>\n<li>Recht auf Berichtigung (Artikel 16 DSGVO)<\/li>\n<li>Recht auf L\u00f6schung (\u201eRecht auf Vergessenwerden\u201c) (Artikel 17 DSGVO)<\/li>\n<li>Recht auf Einschr\u00e4nkung der Verarbeitung (Artikel 18 DSGVO)<\/li>\n<li>Recht auf Benachrichtigung \u2013 Mitteilungspflicht im Zusammenhang mit der Berichtigung oder L\u00f6schung personenbezogener Daten oder der Einschr\u00e4nkung der Verarbeitung (Artikel 19 DSGVO)<\/li>\n<li>Recht auf Daten\u00fcbertragbarkeit (Artikel 20 DSGVO)<\/li>\n<li>Widerspruchsrecht (Artikel 21 DSGVO)<\/li>\n<li>Recht, nicht einer ausschlie\u00dflich auf einer automatisierten Verarbeitung \u2014 einschlie\u00dflich Profiling \u2014 beruhenden Entscheidung unterworfen zu werden (Artikel 22 DSGVO)<\/li>\n<\/ul>\n<p>Wenn Sie glauben, dass die Verarbeitung Ihrer Daten gegen das Datenschutzrecht verst\u00f6\u00dft oder Ihre datenschutzrechtlichen Anspr\u00fcche sonst in einer Weise verletzt worden sind, k\u00f6nnen Sie sich bei der Aufsichtsbeh\u00f6rde beschweren, welche in \u00d6sterreich die Datenschutzbeh\u00f6rde ist, deren Webseite Sie unter <a href=\"https:\/\/www.dsb.gv.at\/?tid=221105454\" class=\"external\" rel=\"nofollow\">https:\/\/www.dsb.gv.at\/<\/a> finden.<\/p>\n<h3>Facebook Datenschutzerkl\u00e4rung<\/h3>\n<p>Wir verwenden auf unserer Webseite ausgew\u00e4hlte Facebook Tools von Facebook. Facebook ist ein Social Media Network des Unternehmens Facebook Ireland Ltd., 4 Grand Canal Square, Grand Canal Harbour, Dublin 2 Ireland. Mithilfe dieser Tools k\u00f6nnen wir Ihnen und Menschen, die sich f\u00fcr unsere Produkte und Dienstleistungen interessieren, das bestm\u00f6gliche Angebot bieten. Im Folgenden geben wir einen \u00dcberblick \u00fcber die verschiedenen Facebook Tools, welche Daten an Facebook gesendet werden und wie Sie diese Daten l\u00f6schen k\u00f6nnen.<\/p>\n<h3>Was sind Facebook-Tools?<\/h3>\n<p>Neben vielen anderen Produkten bietet Facebook auch die sogenannten \u201eFacebook Business Tools\u201c an.&nbsp;Das ist die offizielle Bezeichnung von Facebook. Da der Begriff aber kaum bekannt ist, haben wir uns daf\u00fcr entschieden, sie lediglich Facebook-Tools zu nennen. Darunter finden sich unter anderem:<\/p>\n<ul>\n<li>Facebook-Pixel<\/li>\n<li>soziale Plug-ins (wie z.B der \u201eGef\u00e4llt mir\u201c- oder \u201eTeilen\u201c-Button)<\/li>\n<li>Facebook Login<\/li>\n<li>Account Kit<\/li>\n<li>APIs (Programmierschnittstelle)<\/li>\n<li>SDKs (Sammlung von Programmierwerkzeugen)<\/li>\n<li>Plattform-Integrationen<\/li>\n<li>Plugins<\/li>\n<li>Codes<\/li>\n<li>Spezifikationen<\/li>\n<li>Dokumentationen<\/li>\n<li>Technologien und Dienstleistungen<\/li>\n<\/ul>\n<p>Durch diese Tools erweitert Facebook Dienstleistungen und hat die M\u00f6glichkeit, Informationen \u00fcber User-Aktivit\u00e4ten au\u00dferhalb von Facebook zu erhalten.<\/p>\n<h3>Warum verwenden wir Facebook-Tools auf unserer Webseite?<\/h3>\n<p>Wir wollen unsere Dienstleistungen und Produkte nur Menschen zeigen, die sich auch wirklich daf\u00fcr interessieren. Mithilfe von Werbeanzeigen (Facebook-Ads) k\u00f6nnen wir genau diese Menschen erreichen. Damit den Usern passende Werbung gezeigt werden kann, ben\u00f6tigt Facebook allerdings Informationen \u00fcber die W\u00fcnsche und Bed\u00fcrfnisse der Menschen. So werden dem Unternehmen&nbsp;Informationen \u00fcber das Userverhalten (und Kontaktdaten) auf unserer Webseite zur Verf\u00fcgung gestellt. Dadurch sammelt Facebook bessere User-Daten und kann interessierten Menschen die passende Werbung \u00fcber unsere Produkte bzw. Dienstleistungen anzeigen. Die Tools erm\u00f6glichen somit ma\u00dfgeschneiderte Werbekampagnen auf Facebook.<\/p>\n<p>Daten \u00fcber Ihr Verhalten auf unserer Webseite nennt Facebook \u201eEvent-Daten\u201c. Diese werden auch f\u00fcr Messungs- und Analysedienste verwendet. Facebook kann so in unserem Auftrag \u201eKampagnenberichte\u201c \u00fcber die Wirkung unserer Werbekampagnen erstellen. Weiters bekommen wir durch Analysen einen besseren Einblick, wie Sie unsere Dienstleistungen, Webseite oder Produkte verwenden. Dadurch optimieren wir mit einigen dieser Tools Ihre Nutzererfahrung auf unserer Webseite. Beispielsweise k\u00f6nnen Sie mit den sozialen Plug-ins Inhalte auf unserer Seite direkt auf Facebook teilen.<\/p>\n<h3>Welche Daten werden von Facebook-Tools gespeichert?<\/h3>\n<p>Durch die Nutzung einzelner Facebook-Tools k\u00f6nnen personenbezogene Daten (Kundendaten) an Facebook gesendet werden. Abh\u00e4ngig von den benutzten Tools k\u00f6nnen Kundendaten wie Name, Adresse, Telefonnummer und IP-Adresse versandt werden.<\/p>\n<p>Facebook verwendet diese Informationen, um die Daten mit den ihren eigenen Daten, die es von Ihnen hat (sofern Sie Facebook-Mitglied sind) abzugleichen. Bevor Kundendaten an Facebook \u00fcbermittelt werden, erfolgt ein sogenanntes \u201eHashing\u201c. Das bedeutet, dass ein beliebig gro\u00dfer Datensatz in eine Zeichenkette transformiert wird. Dies dient auch der Verschl\u00fcsselung von Daten.<\/p>\n<p>Neben den Kontaktdaten werden auch \u201eEvent-Daten\u201c \u00fcbermittelt. Unter \u201eEvent-Daten\u201c sind jene Informationen gemeint, die wir \u00fcber Sie auf unserer Webseite erhalten. Zum Beispiel, welche Unterseiten Sie besuchen oder welche Produkte Sie bei uns kaufen. Facebook teilt die erhaltenen Informationen nicht mit Drittanbietern (wie beispielsweise Werbetreibende), au\u00dfer das Unternehmen hat eine explizite Genehmigung oder ist rechtlich dazu verpflichtet. \u201eEvent-Daten\u201c k\u00f6nnen auch mit Kontaktdaten verbunden werden. Dadurch kann Facebook bessere personalisierte Werbung anbieten. Nach dem bereits erw\u00e4hnten Abgleichungsprozess l\u00f6scht Facebook die Kontaktdaten wieder.<\/p>\n<p>Um Werbeanzeigen optimiert ausliefern zu k\u00f6nnen, verwendet Facebook die Event-Daten nur, wenn diese mit anderen Daten (die auf andere Weise von Facebook erfasst wurden) zusammengefasst wurden. Diese Event-Daten n\u00fctzt Facebook auch f\u00fcr Sicherheits-, Schutz-, Entwicklungs- und Forschungszwecken. Viele dieser Daten werden \u00fcber Cookies zu Facebook \u00fcbertragen. Cookies sind kleine Text-Dateien, die zum Speichern von Daten bzw. Informationen in Browsern verwendet werden. Je nach verwendeten Tools und abh\u00e4ngig, ob Sie Facebook-Mitglied sind, werden unterschiedlich viele Cookies in Ihrem Browser angelegt. In den Beschreibungen der einzelnen Facebook Tools gehen wir n\u00e4her auf einzelne Facebook-Cookies ein. Allgemeine Informationen \u00fcber die Verwendung von Facebook-Cookies erfahren Sie auch auf <a href=\"https:\/\/www.facebook.com\/policies\/cookies?tid=221105454\" target=\"_blank\" rel=\"noopener nofollow noreferrer\" class=\"external\">https:\/\/www.facebook.com\/policies\/cookies<\/a>.<\/p>\n<h3>Wie lange und wo werden die Daten gespeichert?<\/h3>\n<p>Grunds\u00e4tzlich speichert Facebook Daten bis sie nicht mehr f\u00fcr die eigenen Dienste und Facebook-Produkte ben\u00f6tigt werden. Facebook hat auf der ganzen Welt Server verteilt, wo Ihre Daten gespeichert werden. Kundendaten werden allerdings, nachdem sie mit den eigenen Userdaten abgeglichen wurden, innerhalb von 48 Stunden gel\u00f6scht.<\/p>\n<h3>Wie kann ich meine Daten l\u00f6schen bzw. die Datenspeicherung verhindern?<\/h3>\n<p>Entsprechend der Datenschutz Grundverordnung haben Sie das Recht auf Auskunft, Berichtigung, \u00dcbertragbarkeit und L\u00f6schung Ihrer Daten.<\/p>\n<p>Eine komplette L\u00f6schung der Daten erfolgt nur, wenn Sie Ihr Facebook-Konto vollst\u00e4ndig l\u00f6schen. Und so funktioniert das L\u00f6schen Ihres Facebook-Kontos:<\/p>\n<p>1) Klicken Sie rechts bei Facebook auf Einstellungen.<\/p>\n<p>2) Anschlie\u00dfend klicken Sie in der linken Spalte auf \u201eDeine Facebook-Informationen\u201c.<\/p>\n<p>3) Nun klicken Sie \u201eDeaktivierung und L\u00f6schung\u201c.<\/p>\n<p>4) W\u00e4hlen Sie jetzt \u201eKonto l\u00f6schen\u201c und klicken Sie dann auf \u201eWeiter und Konto l\u00f6schen\u201c<\/p>\n<p>5) Geben Sie nun Ihr Passwort ein, klicken Sie auf \u201eWeiter\u201c und dann auf \u201eKonto l\u00f6schen\u201c<\/p>\n<p>Die Speicherung der Daten, die Facebook \u00fcber unsere Seite erh\u00e4lt, erfolgt unter anderem \u00fcber Cookies (z.B. bei sozialen Plugins). In Ihrem Browser k\u00f6nnen Sie einzelne oder alle Cookies deaktivieren, l\u00f6schen oder verwalten. Je nach dem welchen Browser Sie verwenden, funktioniert dies auf unterschiedliche Art und Weise. Die folgenden Anleitungen zeigen, wie Sie Cookies in Ihrem Browser verwalten:<\/p>\n<p>\n<a href=\"https:\/\/support.google.com\/chrome\/answer\/95647?tid=221105454\" target=\"_blank\" rel=\"noopener nofollow noreferrer\" class=\"external\">Chrome: Cookies in Chrome l\u00f6schen, aktivieren und verwalten<\/a>\n<\/p>\n<p>\n<a href=\"https:\/\/support.apple.com\/de-at\/guide\/safari\/sfri11471\/mac?tid=221105454\" target=\"_blank\" rel=\"noopener nofollow noreferrer\" class=\"external\">Safari: Verwalten von Cookies und Websitedaten mit Safari<\/a>\n<\/p>\n<p>\n<a href=\"https:\/\/support.mozilla.org\/de\/kb\/cookies-und-website-daten-in-firefox-loschen?tid=221105454\" target=\"_blank\" rel=\"noopener nofollow noreferrer\" class=\"external\">Firefox: Cookies l\u00f6schen, um Daten zu entfernen, die Websites auf Ihrem Computer abgelegt haben<\/a>\n<\/p>\n<p>\n<a href=\"https:\/\/support.microsoft.com\/de-at\/help\/17442\/windows-internet-explorer-delete-manage-cookies?tid=221105454\" target=\"_blank\" rel=\"noopener nofollow noreferrer\" class=\"external\">Internet Explorer: L\u00f6schen und Verwalten von Cookies<\/a>\n<\/p>\n<p>\n<a href=\"https:\/\/support.microsoft.com\/de-at\/help\/4027947\/windows-delete-cookies?tid=221105454\" target=\"_blank\" rel=\"noopener nofollow noreferrer\" class=\"external\">Microsoft Edge: L\u00f6schen und Verwalten von Cookies<\/a>\n<\/p>\n<p>Falls Sie grunds\u00e4tzlich keine Cookies haben wollen, k\u00f6nnen Sie Ihren Browser so einrichten, dass er Sie immer informiert, wenn ein Cookie gesetzt werden soll. So k\u00f6nnen Sie bei jedem einzelnen Cookie entscheiden, ob Sie es erlauben oder nicht.<\/p>\n<p>Facebook ist aktiver Teilnehmer beim EU-U.S. Privacy Shield Framework, wodurch der korrekte und sichere Datentransfer pers\u00f6nlicher Daten geregelt wird. Mehr Informationen dazu finden Sie auf <a href=\"https:\/\/www.privacyshield.gov\/participant?id=a2zt0000000TO6hAAG\" target=\"_blank\" rel=\"noopener nofollow noreferrer\" class=\"external\">https:\/\/www.privacyshield.gov\/participant?id=a2zt0000000TO6hAAG<\/a>. Wir hoffen wir haben Ihnen die wichtigsten Informationen \u00fcber die Nutzung und Datenverarbeitung durch die Facebook-Tools n\u00e4hergebracht. Wenn Sie mehr dar\u00fcber erfahren wollen, wie Facebook Ihre Daten verwendet, empfehlen wir Ihnen die Datenrichtlinien auf <a href=\"https:\/\/www.facebook.com\/about\/privacy\/update\" target=\"_blank\" rel=\"noopener nofollow noreferrer\" class=\"external\">https:\/\/www.facebook.com\/about\/privacy\/update<\/a>.<\/p>\n<h3>Cookies<\/h3>\n<p>Unsere Webseite verwendet HTTP-Cookies, um nutzerspezifische Daten zu speichern.<br>\nIm Folgenden erkl\u00e4ren wir, was Cookies sind und warum Sie genutzt werden, damit Sie die folgende Datenschutzerkl\u00e4rung besser verstehen.<\/p>\n<h3>Was genau sind Cookies?<\/h3>\n<p>Immer wenn Sie durch das Internet surfen, verwenden Sie einen Browser. Bekannte Browser sind beispielsweise Chrome, Safari, Firefox, Internet Explorer und Microsoft Edge. Die meisten Webseiten speichern kleine Text-Dateien in Ihrem Browser. Diese Dateien nennt man Cookies.<\/p>\n<p>Eines ist nicht von der Hand zu weisen: Cookies sind echt n\u00fctzliche Helferlein. Fast alle Webseiten verwenden&nbsp;Cookies. Genauer gesprochen sind es HTTP-Cookies, da es auch noch anderer Cookies f\u00fcr andere Anwendungsbereiche gibt. HTTP-Cookies&nbsp;sind kleine Dateien, die von unserer Webseite auf Ihrem Computer gespeichert werden. Diese Cookie-Dateien werden automatisch im Cookie-Ordner, quasi dem \u201eHirn\u201c Ihres Browsers, untergebracht. Ein Cookie besteht aus einem Namen und einem Wert. Bei der Definition eines Cookies m\u00fcssen zus\u00e4tzlich ein oder mehrere Attribute angegeben werden.<\/p>\n<p>Cookies&nbsp;speichern gewisse Nutzerdaten von Ihnen, wie beispielsweise Sprache oder pers\u00f6nliche Seiteneinstellungen. Wenn Sie unsere Seite wieder aufrufen, \u00fcbermittelt Ihr Browser die \u201euserbezogenen\u201c Informationen an unsere Seite zur\u00fcck. Dank der Cookies wei\u00df unsere Webseite, wer Sie sind und bietet Ihnen die Einstellung, die Sie gewohnt sind. In einigen Browsern hat jedes&nbsp;Cookie&nbsp;eine eigene Datei, in anderen wie beispielsweise Firefox sind alle&nbsp;Cookies&nbsp;in einer einzigen Datei gespeichert.<\/p>\n<p>Es gibt sowohl Erstanbieter Cookies als auch Drittanbieter-Cookies. Erstanbieter-Cookies werden direkt von unserer Seite erstellt, Drittanbieter-Cookies werden von Partner-Webseiten (z.B. Google Analytics) erstellt.&nbsp;Jedes Cookie ist individuell zu bewerten, da jedes Cookie andere Daten speichert. Auch die Ablaufzeit eines Cookies variiert von ein paar Minuten bis hin zu ein paar Jahren.&nbsp;Cookies sind keine Software-Programme und enthalten keine Viren, Trojaner oder andere \u201eSch\u00e4dlinge\u201c. Cookies k\u00f6nnen auch nicht auf Informationen Ihres PCs zugreifen.<\/p>\n<p>So k\u00f6nnen zum Beispiel Cookie-Daten aussehen:<\/p>\n<p>\n<strong>Name:<\/strong> _ga<br>\n<strong>Wert:<\/strong>&nbsp;GA1.2.1326744211.152221105454\n<strong>Verwendungszweck:<\/strong> Unterscheidung der Webseitenbesucher<br>\n<strong>Ablaufdatum:<\/strong>&nbsp;nach 2 Jahren<\/p>\n<p>Diese Mindestgr\u00f6\u00dfen sollte ein Browser unterst\u00fctzen k\u00f6nnen:<\/p>\n<ul>\n<li>Mindestens 4096 Bytes pro Cookie<\/li>\n<li>Mindestens 50 Cookies pro Domain<\/li>\n<li>Mindestens 3000 Cookies insgesamt<\/li>\n<\/ul>\n<h3>Welche Arten von Cookies gibt es?<\/h3>\n<p>Die Frage welche Cookies wir im Speziellen verwenden, h\u00e4ngt von den verwendeten Diensten ab und wird in den folgenden Abschnitten der Datenschutzerkl\u00e4rung gekl\u00e4rt. An dieser Stelle m\u00f6chten wir kurz auf die verschiedenen Arten von HTTP-Cookies eingehen.<\/p>\n<p>Man kann 4 Arten von Cookies unterscheiden:<\/p>\n<p>\n<strong>Unerl\u00e4ssliche Cookies<br>\n<\/strong>Diese Cookies sind n\u00f6tig, um grundlegende Funktionen der Webseite sicherzustellen. Zum Beispiel braucht es diese Cookies, wenn ein User ein Produkt in den Warenkorb legt, dann auf anderen Seiten weitersurft und sp\u00e4ter erst zur Kasse geht. Durch diese Cookies wird der Warenkorb nicht gel\u00f6scht, selbst wenn der User sein Browserfenster schlie\u00dft.<\/p>\n<p>\n<strong>Zweckm\u00e4\u00dfige Cookies<br>\n<\/strong>Diese Cookies sammeln Infos \u00fcber das Userverhalten und ob der User etwaige Fehlermeldungen bekommt. Zudem werden mithilfe dieser Cookies auch die Ladezeit und das Verhalten der Webseite bei verschiedenen Browsern gemessen.<\/p>\n<p>\n<strong>Zielorientierte Cookies<br>\n<\/strong>Diese Cookies sorgen f\u00fcr eine bessere Nutzerfreundlichkeit. Beispielsweise werden eingegebene Standorte, Schriftgr\u00f6\u00dfen oder Formulardaten gespeichert.<\/p>\n<p>\n<strong>Werbe-Cookies<br>\n<\/strong>Diese Cookies werden auch Targeting-Cookies genannt. Sie dienen dazu dem User individuell angepasste Werbung zu liefern. Das kann sehr praktisch, aber auch sehr nervig sein.<\/p>\n<p>\u00dcblicherweise werden Sie beim erstmaligen Besuch einer Webseite gefragt, welche dieser Cookiearten Sie zulassen m\u00f6chten. Und nat\u00fcrlich wird diese Entscheidung auch in einem Cookie gespeichert.<\/p>\n<h3>Wie kann ich Cookies l\u00f6schen?<\/h3>\n<p>Wie und ob Sie Cookies verwenden wollen, entscheiden Sie selbst. Unabh\u00e4ngig von welchem Service oder welcher Webseite die Cookies stammen, haben Sie immer die M\u00f6glichkeit&nbsp;Cookies zu l\u00f6schen, zu deaktivieren oder nur teilweise zuzulassen. Zum Beispiel k\u00f6nnen Sie Cookies von Drittanbietern blockieren, aber alle anderen Cookies zulassen.<\/p>\n<p>Wenn Sie feststellen m\u00f6chten, welche Cookies in Ihrem Browser gespeichert wurden, wenn Sie Cookie-Einstellungen \u00e4ndern oder l\u00f6schen wollen, k\u00f6nnen Sie dies in Ihren Browser-Einstellungen finden:<\/p>\n<p>\n<a href=\"https:\/\/support.google.com\/chrome\/answer\/95647?tid=221105454\" class=\"external\" rel=\"nofollow\">Chrome: Cookies in Chrome l\u00f6schen, aktivieren und verwalten<\/a>\n<\/p>\n<p>\n<a href=\"https:\/\/support.apple.com\/de-at\/guide\/safari\/sfri11471\/mac?tid=221105454\" class=\"external\" rel=\"nofollow\">Safari: Verwalten von Cookies und Websitedaten mit Safari<\/a>\n<\/p>\n<p>\n<a href=\"https:\/\/support.mozilla.org\/de\/kb\/cookies-und-website-daten-in-firefox-loschen?tid=221105454\" class=\"external\" rel=\"nofollow\">Firefox: Cookies l\u00f6schen, um Daten zu entfernen, die Websites auf Ihrem Computer abgelegt haben<\/a>\n<\/p>\n<p>\n<a href=\"https:\/\/support.microsoft.com\/de-at\/help\/17442\/windows-internet-explorer-delete-manage-cookies?tid=221105454\" class=\"external\" rel=\"nofollow\">Internet Explorer: L\u00f6schen und Verwalten von Cookies<\/a>\n<\/p>\n<p>\n<a href=\"https:\/\/support.microsoft.com\/de-at\/help\/4027947\/windows-delete-cookies?tid=221105454\" class=\"external\" rel=\"nofollow\">Microsoft Edge: L\u00f6schen und Verwalten von Cookies<\/a>\n<\/p>\n<p>Falls Sie grunds\u00e4tzlich keine Cookies haben wollen, k\u00f6nnen Sie Ihren Browser so einrichten, dass er Sie immer informiert, wenn ein Cookie gesetzt werden soll. So k\u00f6nnen Sie bei jedem einzelnen Cookie entscheiden, ob Sie das Cookie erlauben oder nicht. Die Vorgangsweise ist je nach Browser verschieden. Am besten Sie suchen die Anleitung in Google mit dem Suchbegriff \u201cCookies l\u00f6schen Chrome\u201d oder \u201eCookies deaktivieren Chrome\u201c im Falle eines Chrome Browsers.<\/p>\n<h3>Wie sieht es mit meinem Datenschutz aus?<\/h3>\n<p>Seit 2009 gibt es die sogenannten \u201eCookie-Richtlinien\u201c. Darin ist festgehalten, dass das Speichern von Cookies eine Einwilligung des von Ihnen verlangt. Innerhalb der EU-L\u00e4nder gibt es allerdings noch sehr unterschiedliche Reaktionen auf diese Richtlinien. In \u00d6sterreich erfolgte aber die Umsetzung dieser Richtlinie in \u00a7 96 Abs. 3 des Telekommunikationsgesetzes (TKG).<\/p>\n<p>Wenn Sie mehr \u00fcber Cookies wissen m\u00f6chten und vor technischen Dokumentationen nicht zur\u00fcckscheuen, empfehlen wir&nbsp;<a href=\"https:\/\/tools.ietf.org\/html\/rfc6265\" target=\"_blank\" rel=\"nofollow noopener noreferrer\" class=\"external\">https:\/\/tools.ietf.org\/html\/rfc6265<\/a>, dem Request for Comments der Internet Engineering Task Force (IETF) namens \u201eHTTP State Management Mechanism\u201c.<\/p>\n<p style=\"margin-top:15px;\">Quelle: Erstellt&nbsp;mit dem&nbsp;<a title=\"Datenschutz Generator von firmenwebseiten.at\" href=\"https:\/\/www.firmenwebseiten.at\/datenschutz-generator\/\" target=\"_blank\" rel=\"follow noopener noreferrer\" style=\"text-decoration:none;\">Datenschutz Generator von firmenwebseiten.at<\/a>&nbsp;in Kooperation mit <a href=\"https:\/\/www.meinhaushalt.at\" target=\"_blank\" rel=\"follow noopener noreferrer\" title=\"\" style=\"text-decoration:none;\">meinhaushalt.at<\/a>\n<\/p>\n\n        <\/div>\n    <\/div>\n<\/section><\/div>","protected":false},"excerpt":{"rendered":"","protected":false},"author":2,"featured_media":0,"parent":0,"menu_order":0,"comment_status":"closed","ping_status":"closed","template":"","meta":{"inline_featured_image":false,"footnotes":""},"class_list":["post-350","page","type-page","status-publish","hentry"],"_links":{"self":[{"href":"https:\/\/dietrichkies.at\/en\/wp-json\/wp\/v2\/pages\/350","targetHints":{"allow":["GET"]}}],"collection":[{"href":"https:\/\/dietrichkies.at\/en\/wp-json\/wp\/v2\/pages"}],"about":[{"href":"https:\/\/dietrichkies.at\/en\/wp-json\/wp\/v2\/types\/page"}],"author":[{"embeddable":true,"href":"https:\/\/dietrichkies.at\/en\/wp-json\/wp\/v2\/users\/2"}],"replies":[{"embeddable":true,"href":"https:\/\/dietrichkies.at\/en\/wp-json\/wp\/v2\/comments?post=350"}],"version-history":[{"count":1,"href":"https:\/\/dietrichkies.at\/en\/wp-json\/wp\/v2\/pages\/350\/revisions"}],"predecessor-version":[{"id":351,"href":"https:\/\/dietrichkies.at\/en\/wp-json\/wp\/v2\/pages\/350\/revisions\/351"}],"wp:attachment":[{"href":"https:\/\/dietrichkies.at\/en\/wp-json\/wp\/v2\/media?parent=350"}],"curies":[{"name":"wp","href":"https:\/\/api.w.org\/{rel}","templated":true}]}}