{"id":430,"date":"2020-02-27T12:15:15","date_gmt":"2020-02-27T11:15:15","guid":{"rendered":"http:\/\/neu.dietrichkies.at\/?page_id=430"},"modified":"2020-03-16T11:52:36","modified_gmt":"2020-03-16T10:52:36","slug":"erdbau","status":"publish","type":"page","link":"https:\/\/dietrichkies.at\/en\/leistungen\/erdbau\/","title":{"rendered":"Erdbau"},"content":{"rendered":"<div class=\"lazyblock-standard-slider-ZbjIMD wp-block-lazyblock-standard-slider\"><section class=\"leistungen__swiper container swiper\" id=\"swiper-leistungen\">\n    <div class=\"swiper-container col-md-8 offset-md-1\">\n        <div class=\"swiper-wrapper\">\n                            <img\n                    data-src=\"https:\/\/dietrichkies.at\/wp-content\/uploads\/2020\/03\/erdbau-0.jpg\"\n                    alt=\"\"\n                    class=\"swiper-slide swiper-lazy\"\n                \/>\n                            <img\n                    data-src=\"https:\/\/dietrichkies.at\/wp-content\/uploads\/2020\/03\/erdbau-1.jpg\"\n                    alt=\"\"\n                    class=\"swiper-slide swiper-lazy\"\n                \/>\n                            <img\n                    data-src=\"https:\/\/dietrichkies.at\/wp-content\/uploads\/2020\/03\/erdbau-2.jpg\"\n                    alt=\"\"\n                    class=\"swiper-slide swiper-lazy\"\n                \/>\n                            <img\n                    data-src=\"https:\/\/dietrichkies.at\/wp-content\/uploads\/2020\/03\/erdbau-3.jpg\"\n                    alt=\"\"\n                    class=\"swiper-slide swiper-lazy\"\n                \/>\n                            <img\n                    data-src=\"https:\/\/dietrichkies.at\/wp-content\/uploads\/2020\/03\/erdbau-4.jpg\"\n                    alt=\"\"\n                    class=\"swiper-slide swiper-lazy\"\n                \/>\n                            <img\n                    data-src=\"https:\/\/dietrichkies.at\/wp-content\/uploads\/2020\/03\/erdbau-5.jpg\"\n                    alt=\"\"\n                    class=\"swiper-slide swiper-lazy\"\n                \/>\n                            <img\n                    data-src=\"https:\/\/dietrichkies.at\/wp-content\/uploads\/2020\/03\/erdbau-6.jpg\"\n                    alt=\"\"\n                    class=\"swiper-slide swiper-lazy\"\n                \/>\n                            <img\n                    data-src=\"https:\/\/dietrichkies.at\/wp-content\/uploads\/2020\/03\/erdbau-7.jpg\"\n                    alt=\"\"\n                    class=\"swiper-slide swiper-lazy\"\n                \/>\n                            <img\n                    data-src=\"https:\/\/dietrichkies.at\/wp-content\/uploads\/2020\/03\/erdbau-8.jpg\"\n                    alt=\"\"\n                    class=\"swiper-slide swiper-lazy\"\n                \/>\n                            <img\n                    data-src=\"https:\/\/dietrichkies.at\/wp-content\/uploads\/2020\/03\/erdbau-9.jpg\"\n                    alt=\"\"\n                    class=\"swiper-slide swiper-lazy\"\n                \/>\n                            <img\n                    data-src=\"https:\/\/dietrichkies.at\/wp-content\/uploads\/2020\/03\/erdbau-10.jpg\"\n                    alt=\"\"\n                    class=\"swiper-slide swiper-lazy\"\n                \/>\n                            <img\n                    data-src=\"https:\/\/dietrichkies.at\/wp-content\/uploads\/2020\/03\/erdbau-11.jpg\"\n                    alt=\"\"\n                    class=\"swiper-slide swiper-lazy\"\n                \/>\n                            <img\n                    data-src=\"https:\/\/dietrichkies.at\/wp-content\/uploads\/2020\/03\/erdbau-12.jpg\"\n                    alt=\"\"\n                    class=\"swiper-slide swiper-lazy\"\n                \/>\n                            <img\n                    data-src=\"https:\/\/dietrichkies.at\/wp-content\/uploads\/2020\/03\/erdbau-13.jpg\"\n                    alt=\"\"\n                    class=\"swiper-slide swiper-lazy\"\n                \/>\n                            <img\n                    data-src=\"https:\/\/dietrichkies.at\/wp-content\/uploads\/2020\/03\/erdbau-14.jpg\"\n                    alt=\"\"\n                    class=\"swiper-slide swiper-lazy\"\n                \/>\n                            <img\n                    data-src=\"https:\/\/dietrichkies.at\/wp-content\/uploads\/2020\/03\/erdbau-15.jpg\"\n                    alt=\"\"\n                    class=\"swiper-slide swiper-lazy\"\n                \/>\n                            <img\n                    data-src=\"https:\/\/dietrichkies.at\/wp-content\/uploads\/2020\/03\/erdbau-16.jpg\"\n                    alt=\"\"\n                    class=\"swiper-slide swiper-lazy\"\n                \/>\n                            <img\n                    data-src=\"https:\/\/dietrichkies.at\/wp-content\/uploads\/2020\/03\/erdbau-17.jpg\"\n                    alt=\"\"\n                    class=\"swiper-slide swiper-lazy\"\n                \/>\n                            <img\n                    data-src=\"https:\/\/dietrichkies.at\/wp-content\/uploads\/2020\/03\/erdbau-18.jpg\"\n                    alt=\"\"\n                    class=\"swiper-slide swiper-lazy\"\n                \/>\n                            <img\n                    data-src=\"https:\/\/dietrichkies.at\/wp-content\/uploads\/2020\/03\/erdbau-19.jpg\"\n                    alt=\"\"\n                    class=\"swiper-slide swiper-lazy\"\n                \/>\n                            <img\n                    data-src=\"https:\/\/dietrichkies.at\/wp-content\/uploads\/2020\/03\/erdbau-20.jpg\"\n                    alt=\"\"\n                    class=\"swiper-slide swiper-lazy\"\n                \/>\n                            <img\n                    data-src=\"https:\/\/dietrichkies.at\/wp-content\/uploads\/2020\/03\/erdbau-21.jpg\"\n                    alt=\"\"\n                    class=\"swiper-slide swiper-lazy\"\n                \/>\n                            <img\n                    data-src=\"https:\/\/dietrichkies.at\/wp-content\/uploads\/2020\/03\/erdbau-22.jpg\"\n                    alt=\"\"\n                    class=\"swiper-slide swiper-lazy\"\n                \/>\n                            <img\n                    data-src=\"https:\/\/dietrichkies.at\/wp-content\/uploads\/2020\/03\/erdbau-23.jpg\"\n                    alt=\"\"\n                    class=\"swiper-slide swiper-lazy\"\n                \/>\n                            <img\n                    data-src=\"https:\/\/dietrichkies.at\/wp-content\/uploads\/2020\/03\/erdbau-24.jpg\"\n                    alt=\"\"\n                    class=\"swiper-slide swiper-lazy\"\n                \/>\n                            <img\n                    data-src=\"https:\/\/dietrichkies.at\/wp-content\/uploads\/2020\/03\/erdbau-25.jpg\"\n                    alt=\"\"\n                    class=\"swiper-slide swiper-lazy\"\n                \/>\n                            <img\n                    data-src=\"https:\/\/dietrichkies.at\/wp-content\/uploads\/2020\/03\/erdbau-26.jpg\"\n                    alt=\"\"\n                    class=\"swiper-slide swiper-lazy\"\n                \/>\n                            <img\n                    data-src=\"https:\/\/dietrichkies.at\/wp-content\/uploads\/2020\/03\/erdbau-27.jpg\"\n                    alt=\"\"\n                    class=\"swiper-slide swiper-lazy\"\n                \/>\n                            <img\n                    data-src=\"https:\/\/dietrichkies.at\/wp-content\/uploads\/2020\/03\/erdbau-28.jpg\"\n                    alt=\"\"\n                    class=\"swiper-slide swiper-lazy\"\n                \/>\n                            <img\n                    data-src=\"https:\/\/dietrichkies.at\/wp-content\/uploads\/2020\/03\/erdbau-29.jpg\"\n                    alt=\"\"\n                    class=\"swiper-slide swiper-lazy\"\n                \/>\n                            <img\n                    data-src=\"https:\/\/dietrichkies.at\/wp-content\/uploads\/2020\/03\/erdbau-30.jpg\"\n                    alt=\"\"\n                    class=\"swiper-slide swiper-lazy\"\n                \/>\n                            <img\n                    data-src=\"https:\/\/dietrichkies.at\/wp-content\/uploads\/2020\/03\/erdbau-31.jpg\"\n                    alt=\"\"\n                    class=\"swiper-slide swiper-lazy\"\n                \/>\n                            <img\n                    data-src=\"https:\/\/dietrichkies.at\/wp-content\/uploads\/2020\/03\/erdbau-32.jpg\"\n                    alt=\"\"\n                    class=\"swiper-slide swiper-lazy\"\n                \/>\n                            <img\n                    data-src=\"https:\/\/dietrichkies.at\/wp-content\/uploads\/2020\/03\/erdbau-33.jpg\"\n                    alt=\"\"\n                    class=\"swiper-slide swiper-lazy\"\n                \/>\n                            <img\n                    data-src=\"https:\/\/dietrichkies.at\/wp-content\/uploads\/2020\/03\/erdbau-34.jpg\"\n                    alt=\"\"\n                    class=\"swiper-slide swiper-lazy\"\n                \/>\n                            <img\n                    data-src=\"https:\/\/dietrichkies.at\/wp-content\/uploads\/2020\/03\/erdbau-35.jpg\"\n                    alt=\"\"\n                    class=\"swiper-slide swiper-lazy\"\n                \/>\n                            <img\n                    data-src=\"https:\/\/dietrichkies.at\/wp-content\/uploads\/2020\/03\/erdbau-36.jpg\"\n                    alt=\"\"\n                    class=\"swiper-slide swiper-lazy\"\n                \/>\n                            <img\n                    data-src=\"https:\/\/dietrichkies.at\/wp-content\/uploads\/2020\/03\/erdbau-37.jpg\"\n                    alt=\"\"\n                    class=\"swiper-slide swiper-lazy\"\n                \/>\n                            <img\n                    data-src=\"https:\/\/dietrichkies.at\/wp-content\/uploads\/2020\/03\/erdbau-38.jpg\"\n                    alt=\"\"\n                    class=\"swiper-slide swiper-lazy\"\n                \/>\n                            <img\n                    data-src=\"https:\/\/dietrichkies.at\/wp-content\/uploads\/2020\/03\/erdbau-39.jpg\"\n                    alt=\"\"\n                    class=\"swiper-slide swiper-lazy\"\n                \/>\n                            <img\n                    data-src=\"https:\/\/dietrichkies.at\/wp-content\/uploads\/2020\/03\/erdbau-40.jpg\"\n                    alt=\"\"\n                    class=\"swiper-slide swiper-lazy\"\n                \/>\n                            <img\n                    data-src=\"https:\/\/dietrichkies.at\/wp-content\/uploads\/2020\/03\/erdbau-41.jpg\"\n                    alt=\"\"\n                    class=\"swiper-slide swiper-lazy\"\n                \/>\n                            <img\n                    data-src=\"https:\/\/dietrichkies.at\/wp-content\/uploads\/2020\/03\/erdbau-42.jpg\"\n                    alt=\"\"\n                    class=\"swiper-slide swiper-lazy\"\n                \/>\n                            <img\n                    data-src=\"https:\/\/dietrichkies.at\/wp-content\/uploads\/2020\/03\/erdbau-43.jpg\"\n                    alt=\"\"\n                    class=\"swiper-slide swiper-lazy\"\n                \/>\n                            <img\n                    data-src=\"https:\/\/dietrichkies.at\/wp-content\/uploads\/2020\/03\/erdbau-44.jpg\"\n                    alt=\"\"\n                    class=\"swiper-slide swiper-lazy\"\n                \/>\n                            <img\n                    data-src=\"https:\/\/dietrichkies.at\/wp-content\/uploads\/2020\/03\/erdbau-45.jpg\"\n                    alt=\"\"\n                    class=\"swiper-slide swiper-lazy\"\n                \/>\n                            <img\n                    data-src=\"https:\/\/dietrichkies.at\/wp-content\/uploads\/2020\/03\/erdbau-46.jpg\"\n                    alt=\"\"\n                    class=\"swiper-slide swiper-lazy\"\n                \/>\n                            <img\n                    data-src=\"https:\/\/dietrichkies.at\/wp-content\/uploads\/2020\/03\/erdbau-47.jpg\"\n                    alt=\"\"\n                    class=\"swiper-slide swiper-lazy\"\n                \/>\n                            <img\n                    data-src=\"https:\/\/dietrichkies.at\/wp-content\/uploads\/2020\/03\/erdbau-48.jpg\"\n                    alt=\"\"\n                    class=\"swiper-slide swiper-lazy\"\n                \/>\n                            <img\n                    data-src=\"https:\/\/dietrichkies.at\/wp-content\/uploads\/2020\/03\/erdbau-49.jpg\"\n                    alt=\"\"\n                    class=\"swiper-slide swiper-lazy\"\n                \/>\n                    <\/div>\n    <\/div>\n    <div class=\"swiper-pagination__wrapper\">\n      <button class=\"swiper-pagination-custom__prev\">\n        <img decoding=\"async\"\n          src=\"https:\/\/dietrichkies.at\/wp-content\/themes\/dietrichkies\/assets\/img\/svg\/pfeil-links.svg\"\n          alt=\"\"\n        \/>\n        <span class=\"sr-only\">Vorherige Slide<\/span>\n      <\/button>\n      <div class=\"swiper-pagination\"><\/div>\n      <button class=\"swiper-pagination-custom__next\">\n        <img decoding=\"async\"\n          src=\"https:\/\/dietrichkies.at\/wp-content\/themes\/dietrichkies\/assets\/img\/svg\/pfeil-rechts.svg\"\n          alt=\"\"\n        \/>\n        <span class=\"sr-only\">N\u00e4chste Slide<\/span>\n      <\/button>\n    <\/div>\n<\/section><\/div>\n\n<div class=\"lazyblock-leistung-text-21NQOM wp-block-lazyblock-leistung-text\"><section class=\"leistungen__text container\">\n    <div class=\"row\">\n        <div class=\"center col-md-6 offset-md-2\">\n            <p class=\"sub-h2\">Erdbau<\/p>\n            <h2>\n                Bei uns bewegt sich was.            <\/h2>\n        <\/div>\n    <\/div>\n    <div class=\"row\">\n        <div class=\"col-md-6 offset-md-2\">\n            <p>\n                Seit mehr als 60 Jahren beweisen wir uns in der Durchf\u00fchrung von Erdbauprojekten. Die heute sehr hohen Anspr\u00fcche des Erdbaus an Qualit\u00e4t, Flexibilit\u00e4t und Termineinhaltung bew\u00e4ltigen wir mit unserer langj\u00e4hrigen Erfahrung und mit unserem Fuhrpark auf technisch h\u00f6chstem Niveau. Durch unsere Gr\u00f6\u00dfe und maschinentechnische Ausstattung sind wir in der Lage, gro\u00dfe Erdmassen zu bewegen und gleichzeitig auch kleinere Bauvorhaben umzusetzen. Wir investieren st\u00e4ndig in eine spezifische und moderne Ausr\u00fcstung f\u00fcr den Erdbau. Unser Maschinenpark besteht aus ca. 40 Einheiten. Diese Maschinen decken die Einsatzgewichte von 1,5 Tonnen bis 25 Tonnen ab. Zus\u00e4tzlich sind s\u00e4mtliche Verdichtungsger\u00e4te &#8211; von der R\u00fcttelplatte bis zum 8-Tonnen-Walzenzug &#8211; in unserem Maschinenpark verf\u00fcgbar.            <\/p>\n        <\/div>\n    <\/div>\n<\/section><\/div>\n\n<div class=\"lazyblock-leistung-bildergrid-Z1BU5B5 wp-block-lazyblock-leistung-bildergrid\"><section class=\"leistungen__subgrid container\">\n                    <div class=\"leistungen__subgrid-item leistungen__subgrid-item-1\" style=\"background-image: url(https:\/\/dietrichkies.at\/wp-content\/uploads\/2020\/03\/erdbau-1.jpg); \"><\/div>\n                    <div class=\"leistungen__subgrid-item leistungen__subgrid-item-2\" style=\"background-image: url(https:\/\/dietrichkies.at\/wp-content\/uploads\/2020\/03\/erdbau-2.jpg); \"><\/div>\n                    <div class=\"leistungen__subgrid-item leistungen__subgrid-item-3\" style=\"background-image: url(https:\/\/dietrichkies.at\/wp-content\/uploads\/2020\/03\/erdbau-3.jpg); \"><\/div>\n                    <div class=\"leistungen__subgrid-item leistungen__subgrid-item-4\" style=\"background-image: url(https:\/\/dietrichkies.at\/wp-content\/uploads\/2020\/03\/erdbau-4.jpg); \"><\/div>\n            <\/section><\/div>","protected":false},"excerpt":{"rendered":"","protected":false},"author":2,"featured_media":0,"parent":242,"menu_order":0,"comment_status":"closed","ping_status":"closed","template":"","meta":{"inline_featured_image":false,"footnotes":""},"class_list":["post-430","page","type-page","status-publish","hentry"],"_links":{"self":[{"href":"https:\/\/dietrichkies.at\/en\/wp-json\/wp\/v2\/pages\/430","targetHints":{"allow":["GET"]}}],"collection":[{"href":"https:\/\/dietrichkies.at\/en\/wp-json\/wp\/v2\/pages"}],"about":[{"href":"https:\/\/dietrichkies.at\/en\/wp-json\/wp\/v2\/types\/page"}],"author":[{"embeddable":true,"href":"https:\/\/dietrichkies.at\/en\/wp-json\/wp\/v2\/users\/2"}],"replies":[{"embeddable":true,"href":"https:\/\/dietrichkies.at\/en\/wp-json\/wp\/v2\/comments?post=430"}],"version-history":[{"count":2,"href":"https:\/\/dietrichkies.at\/en\/wp-json\/wp\/v2\/pages\/430\/revisions"}],"predecessor-version":[{"id":546,"href":"https:\/\/dietrichkies.at\/en\/wp-json\/wp\/v2\/pages\/430\/revisions\/546"}],"up":[{"embeddable":true,"href":"https:\/\/dietrichkies.at\/en\/wp-json\/wp\/v2\/pages\/242"}],"wp:attachment":[{"href":"https:\/\/dietrichkies.at\/en\/wp-json\/wp\/v2\/media?parent=430"}],"curies":[{"name":"wp","href":"https:\/\/api.w.org\/{rel}","templated":true}]}}