{"id":432,"date":"2020-02-27T12:19:36","date_gmt":"2020-02-27T11:19:36","guid":{"rendered":"http:\/\/neu.dietrichkies.at\/?page_id=432"},"modified":"2020-03-16T11:40:16","modified_gmt":"2020-03-16T10:40:16","slug":"transporte","status":"publish","type":"page","link":"https:\/\/dietrichkies.at\/en\/leistungen\/transporte\/","title":{"rendered":"Transporte"},"content":{"rendered":"<div class=\"lazyblock-standard-slider-ZEsExI wp-block-lazyblock-standard-slider\"><section class=\"leistungen__swiper container swiper\" id=\"swiper-leistungen\">\n    <div class=\"swiper-container col-md-8 offset-md-1\">\n        <div class=\"swiper-wrapper\">\n                            <img\n                    data-src=\"https:\/\/dietrichkies.at\/wp-content\/uploads\/2020\/03\/transporte-0.jpg\"\n                    alt=\"\"\n                    class=\"swiper-slide swiper-lazy\"\n                \/>\n                            <img\n                    data-src=\"https:\/\/dietrichkies.at\/wp-content\/uploads\/2020\/03\/transporte-1.jpg\"\n                    alt=\"\"\n                    class=\"swiper-slide swiper-lazy\"\n                \/>\n                            <img\n                    data-src=\"https:\/\/dietrichkies.at\/wp-content\/uploads\/2020\/03\/transporte-2.jpg\"\n                    alt=\"\"\n                    class=\"swiper-slide swiper-lazy\"\n                \/>\n                            <img\n                    data-src=\"https:\/\/dietrichkies.at\/wp-content\/uploads\/2020\/03\/transporte-3.jpg\"\n                    alt=\"\"\n                    class=\"swiper-slide swiper-lazy\"\n                \/>\n                            <img\n                    data-src=\"https:\/\/dietrichkies.at\/wp-content\/uploads\/2020\/03\/transporte-4.jpg\"\n                    alt=\"\"\n                    class=\"swiper-slide swiper-lazy\"\n                \/>\n                            <img\n                    data-src=\"https:\/\/dietrichkies.at\/wp-content\/uploads\/2020\/03\/transporte-5.jpg\"\n                    alt=\"\"\n                    class=\"swiper-slide swiper-lazy\"\n                \/>\n                            <img\n                    data-src=\"https:\/\/dietrichkies.at\/wp-content\/uploads\/2020\/03\/transporte-6.jpg\"\n                    alt=\"\"\n                    class=\"swiper-slide swiper-lazy\"\n                \/>\n                            <img\n                    data-src=\"https:\/\/dietrichkies.at\/wp-content\/uploads\/2020\/03\/transporte-7.jpg\"\n                    alt=\"\"\n                    class=\"swiper-slide swiper-lazy\"\n                \/>\n                            <img\n                    data-src=\"https:\/\/dietrichkies.at\/wp-content\/uploads\/2020\/03\/transporte-8.jpg\"\n                    alt=\"\"\n                    class=\"swiper-slide swiper-lazy\"\n                \/>\n                            <img\n                    data-src=\"https:\/\/dietrichkies.at\/wp-content\/uploads\/2020\/03\/transporte-9.jpg\"\n                    alt=\"\"\n                    class=\"swiper-slide swiper-lazy\"\n                \/>\n                            <img\n                    data-src=\"https:\/\/dietrichkies.at\/wp-content\/uploads\/2020\/03\/transporte-10.jpg\"\n                    alt=\"\"\n                    class=\"swiper-slide swiper-lazy\"\n                \/>\n                            <img\n                    data-src=\"https:\/\/dietrichkies.at\/wp-content\/uploads\/2020\/03\/transporte-11.jpg\"\n                    alt=\"\"\n                    class=\"swiper-slide swiper-lazy\"\n                \/>\n                            <img\n                    data-src=\"https:\/\/dietrichkies.at\/wp-content\/uploads\/2020\/03\/transporte-12.jpg\"\n                    alt=\"\"\n                    class=\"swiper-slide swiper-lazy\"\n                \/>\n                            <img\n                    data-src=\"https:\/\/dietrichkies.at\/wp-content\/uploads\/2020\/03\/transporte-13.jpg\"\n                    alt=\"\"\n                    class=\"swiper-slide swiper-lazy\"\n                \/>\n                            <img\n                    data-src=\"https:\/\/dietrichkies.at\/wp-content\/uploads\/2020\/03\/transporte-14.jpg\"\n                    alt=\"\"\n                    class=\"swiper-slide swiper-lazy\"\n                \/>\n                            <img\n                    data-src=\"https:\/\/dietrichkies.at\/wp-content\/uploads\/2020\/03\/transporte-15.jpg\"\n                    alt=\"\"\n                    class=\"swiper-slide swiper-lazy\"\n                \/>\n                            <img\n                    data-src=\"https:\/\/dietrichkies.at\/wp-content\/uploads\/2020\/03\/transporte-16.jpg\"\n                    alt=\"\"\n                    class=\"swiper-slide swiper-lazy\"\n                \/>\n                            <img\n                    data-src=\"https:\/\/dietrichkies.at\/wp-content\/uploads\/2020\/03\/transporte-17.jpg\"\n                    alt=\"\"\n                    class=\"swiper-slide swiper-lazy\"\n                \/>\n                            <img\n                    data-src=\"https:\/\/dietrichkies.at\/wp-content\/uploads\/2020\/03\/transporte-18.jpg\"\n                    alt=\"\"\n                    class=\"swiper-slide swiper-lazy\"\n                \/>\n                            <img\n                    data-src=\"https:\/\/dietrichkies.at\/wp-content\/uploads\/2020\/03\/transporte-19.jpg\"\n                    alt=\"\"\n                    class=\"swiper-slide swiper-lazy\"\n                \/>\n                            <img\n                    data-src=\"https:\/\/dietrichkies.at\/wp-content\/uploads\/2020\/03\/transporte-20.jpg\"\n                    alt=\"\"\n                    class=\"swiper-slide swiper-lazy\"\n                \/>\n                            <img\n                    data-src=\"https:\/\/dietrichkies.at\/wp-content\/uploads\/2020\/03\/transporte-21.jpg\"\n                    alt=\"\"\n                    class=\"swiper-slide swiper-lazy\"\n                \/>\n                            <img\n                    data-src=\"https:\/\/dietrichkies.at\/wp-content\/uploads\/2020\/03\/transporte-22.jpg\"\n                    alt=\"\"\n                    class=\"swiper-slide swiper-lazy\"\n                \/>\n                            <img\n                    data-src=\"https:\/\/dietrichkies.at\/wp-content\/uploads\/2020\/03\/transporte-23.jpg\"\n                    alt=\"\"\n                    class=\"swiper-slide swiper-lazy\"\n                \/>\n                            <img\n                    data-src=\"https:\/\/dietrichkies.at\/wp-content\/uploads\/2020\/03\/transporte-24.jpg\"\n                    alt=\"\"\n                    class=\"swiper-slide swiper-lazy\"\n                \/>\n                            <img\n                    data-src=\"https:\/\/dietrichkies.at\/wp-content\/uploads\/2020\/03\/transporte-25.jpg\"\n                    alt=\"\"\n                    class=\"swiper-slide swiper-lazy\"\n                \/>\n                            <img\n                    data-src=\"https:\/\/dietrichkies.at\/wp-content\/uploads\/2020\/03\/transporte-26.jpg\"\n                    alt=\"\"\n                    class=\"swiper-slide swiper-lazy\"\n                \/>\n                    <\/div>\n    <\/div>\n    <div class=\"swiper-pagination__wrapper\">\n      <button class=\"swiper-pagination-custom__prev\">\n        <img decoding=\"async\"\n          src=\"https:\/\/dietrichkies.at\/wp-content\/themes\/dietrichkies\/assets\/img\/svg\/pfeil-links.svg\"\n          alt=\"\"\n        \/>\n        <span class=\"sr-only\">Vorherige Slide<\/span>\n      <\/button>\n      <div class=\"swiper-pagination\"><\/div>\n      <button class=\"swiper-pagination-custom__next\">\n        <img decoding=\"async\"\n          src=\"https:\/\/dietrichkies.at\/wp-content\/themes\/dietrichkies\/assets\/img\/svg\/pfeil-rechts.svg\"\n          alt=\"\"\n        \/>\n        <span class=\"sr-only\">N\u00e4chste Slide<\/span>\n      <\/button>\n    <\/div>\n<\/section><\/div>\n\n<div class=\"lazyblock-leistung-text-VFueY wp-block-lazyblock-leistung-text\"><section class=\"leistungen__text container\">\n    <div class=\"row\">\n        <div class=\"center col-md-6 offset-md-2\">\n            <p class=\"sub-h2\">Transporte<\/p>\n            <h2>\n                Immer auf Achse            <\/h2>\n        <\/div>\n    <\/div>\n    <div class=\"row\">\n        <div class=\"col-md-6 offset-md-2\">\n            <p>\n                Transporte stellen ein wesentliches Element in der Partnerschaft mit unseren Kunden dar. Wir liefern unsere Rohstoffe in der richtigen Menge, zur richtigen Zeit an den richtigen Ort. Haupts\u00e4chlich werden diverse Sch\u00fcttmaterialien zu unseren Baustellen geliefert oder Aushub- und Abbruchmaterial abtransportiert. Eine ausgewogene LKW-Flotte von 10 to bis 25 to Nutzlast garantiert eine zuverl\u00e4ssige Abwicklung dieser Transportw\u00fcnsche. Unvermeidbar wirbeln wir manchmal Staub auf, daher achten wir darauf, dass von unseren LKW keine unn\u00f6tigen Abgase hinzukommen. Unser Fuhrpark ist deshalb auf dem neuesten Stand. F\u00fcr jeden Zweck das richtige Transportmittel.            <\/p>\n        <\/div>\n    <\/div>\n<\/section><\/div>\n\n<div class=\"lazyblock-leistung-bildergrid-ZBzAqq wp-block-lazyblock-leistung-bildergrid\"><section class=\"leistungen__subgrid container\">\n                    <div class=\"leistungen__subgrid-item leistungen__subgrid-item-1\" style=\"background-image: url(https:\/\/dietrichkies.at\/wp-content\/uploads\/2020\/03\/transporte-1.jpg); background-position: center bottom;\"><\/div>\n                    <div class=\"leistungen__subgrid-item leistungen__subgrid-item-2\" style=\"background-image: url(https:\/\/dietrichkies.at\/wp-content\/uploads\/2020\/03\/transporte-2.jpg); background-position: center bottom;\"><\/div>\n                    <div class=\"leistungen__subgrid-item leistungen__subgrid-item-3\" style=\"background-image: url(https:\/\/dietrichkies.at\/wp-content\/uploads\/2020\/03\/transporte-3.jpg); background-position: center bottom;\"><\/div>\n                    <div class=\"leistungen__subgrid-item leistungen__subgrid-item-4\" style=\"background-image: url(https:\/\/dietrichkies.at\/wp-content\/uploads\/2020\/03\/transporte-4.jpg); background-position: center bottom;\"><\/div>\n            <\/section><\/div>","protected":false},"excerpt":{"rendered":"","protected":false},"author":2,"featured_media":0,"parent":242,"menu_order":0,"comment_status":"closed","ping_status":"closed","template":"","meta":{"inline_featured_image":false,"footnotes":""},"class_list":["post-432","page","type-page","status-publish","hentry"],"_links":{"self":[{"href":"https:\/\/dietrichkies.at\/en\/wp-json\/wp\/v2\/pages\/432","targetHints":{"allow":["GET"]}}],"collection":[{"href":"https:\/\/dietrichkies.at\/en\/wp-json\/wp\/v2\/pages"}],"about":[{"href":"https:\/\/dietrichkies.at\/en\/wp-json\/wp\/v2\/types\/page"}],"author":[{"embeddable":true,"href":"https:\/\/dietrichkies.at\/en\/wp-json\/wp\/v2\/users\/2"}],"replies":[{"embeddable":true,"href":"https:\/\/dietrichkies.at\/en\/wp-json\/wp\/v2\/comments?post=432"}],"version-history":[{"count":3,"href":"https:\/\/dietrichkies.at\/en\/wp-json\/wp\/v2\/pages\/432\/revisions"}],"predecessor-version":[{"id":471,"href":"https:\/\/dietrichkies.at\/en\/wp-json\/wp\/v2\/pages\/432\/revisions\/471"}],"up":[{"embeddable":true,"href":"https:\/\/dietrichkies.at\/en\/wp-json\/wp\/v2\/pages\/242"}],"wp:attachment":[{"href":"https:\/\/dietrichkies.at\/en\/wp-json\/wp\/v2\/media?parent=432"}],"curies":[{"name":"wp","href":"https:\/\/api.w.org\/{rel}","templated":true}]}}