{"id":434,"date":"2020-02-27T12:20:34","date_gmt":"2020-02-27T11:20:34","guid":{"rendered":"http:\/\/neu.dietrichkies.at\/?page_id=434"},"modified":"2020-03-16T11:55:26","modified_gmt":"2020-03-16T10:55:26","slug":"abbruch","status":"publish","type":"page","link":"https:\/\/dietrichkies.at\/en\/leistungen\/abbruch\/","title":{"rendered":"Abbruch"},"content":{"rendered":"<div class=\"lazyblock-standard-slider-ZT8jWa wp-block-lazyblock-standard-slider\"><section class=\"leistungen__swiper container swiper\" id=\"swiper-leistungen\">\n    <div class=\"swiper-container col-md-8 offset-md-1\">\n        <div class=\"swiper-wrapper\">\n                            <img\n                    data-src=\"https:\/\/dietrichkies.at\/wp-content\/uploads\/2020\/03\/abbruch-0.jpg\"\n                    alt=\"\"\n                    class=\"swiper-slide swiper-lazy\"\n                \/>\n                            <img\n                    data-src=\"https:\/\/dietrichkies.at\/wp-content\/uploads\/2020\/03\/abbruch-1.jpg\"\n                    alt=\"\"\n                    class=\"swiper-slide swiper-lazy\"\n                \/>\n                            <img\n                    data-src=\"https:\/\/dietrichkies.at\/wp-content\/uploads\/2020\/03\/abbruch-2.jpg\"\n                    alt=\"\"\n                    class=\"swiper-slide swiper-lazy\"\n                \/>\n                            <img\n                    data-src=\"https:\/\/dietrichkies.at\/wp-content\/uploads\/2020\/03\/abbruch-3.jpg\"\n                    alt=\"\"\n                    class=\"swiper-slide swiper-lazy\"\n                \/>\n                            <img\n                    data-src=\"https:\/\/dietrichkies.at\/wp-content\/uploads\/2020\/03\/abbruch-4.jpg\"\n                    alt=\"\"\n                    class=\"swiper-slide swiper-lazy\"\n                \/>\n                            <img\n                    data-src=\"https:\/\/dietrichkies.at\/wp-content\/uploads\/2020\/03\/abbruch-5.jpg\"\n                    alt=\"\"\n                    class=\"swiper-slide swiper-lazy\"\n                \/>\n                            <img\n                    data-src=\"https:\/\/dietrichkies.at\/wp-content\/uploads\/2020\/03\/abbruch-6.jpg\"\n                    alt=\"\"\n                    class=\"swiper-slide swiper-lazy\"\n                \/>\n                            <img\n                    data-src=\"https:\/\/dietrichkies.at\/wp-content\/uploads\/2020\/03\/abbruch-7.jpg\"\n                    alt=\"\"\n                    class=\"swiper-slide swiper-lazy\"\n                \/>\n                            <img\n                    data-src=\"https:\/\/dietrichkies.at\/wp-content\/uploads\/2020\/03\/abbruch-8.jpg\"\n                    alt=\"\"\n                    class=\"swiper-slide swiper-lazy\"\n                \/>\n                            <img\n                    data-src=\"https:\/\/dietrichkies.at\/wp-content\/uploads\/2020\/03\/abbruch-9.jpg\"\n                    alt=\"\"\n                    class=\"swiper-slide swiper-lazy\"\n                \/>\n                            <img\n                    data-src=\"https:\/\/dietrichkies.at\/wp-content\/uploads\/2020\/03\/abbruch-10.jpg\"\n                    alt=\"\"\n                    class=\"swiper-slide swiper-lazy\"\n                \/>\n                            <img\n                    data-src=\"https:\/\/dietrichkies.at\/wp-content\/uploads\/2020\/03\/abbruch-11.jpg\"\n                    alt=\"\"\n                    class=\"swiper-slide swiper-lazy\"\n                \/>\n                            <img\n                    data-src=\"https:\/\/dietrichkies.at\/wp-content\/uploads\/2020\/03\/abbruch-12.jpg\"\n                    alt=\"\"\n                    class=\"swiper-slide swiper-lazy\"\n                \/>\n                            <img\n                    data-src=\"https:\/\/dietrichkies.at\/wp-content\/uploads\/2020\/03\/abbruch-13.jpg\"\n                    alt=\"\"\n                    class=\"swiper-slide swiper-lazy\"\n                \/>\n                            <img\n                    data-src=\"https:\/\/dietrichkies.at\/wp-content\/uploads\/2020\/03\/abbruch-14.jpg\"\n                    alt=\"\"\n                    class=\"swiper-slide swiper-lazy\"\n                \/>\n                            <img\n                    data-src=\"https:\/\/dietrichkies.at\/wp-content\/uploads\/2020\/03\/abbruch-15.jpg\"\n                    alt=\"\"\n                    class=\"swiper-slide swiper-lazy\"\n                \/>\n                    <\/div>\n    <\/div>\n    <div class=\"swiper-pagination__wrapper\">\n      <button class=\"swiper-pagination-custom__prev\">\n        <img decoding=\"async\"\n          src=\"https:\/\/dietrichkies.at\/wp-content\/themes\/dietrichkies\/assets\/img\/svg\/pfeil-links.svg\"\n          alt=\"\"\n        \/>\n        <span class=\"sr-only\">Vorherige Slide<\/span>\n      <\/button>\n      <div class=\"swiper-pagination\"><\/div>\n      <button class=\"swiper-pagination-custom__next\">\n        <img decoding=\"async\"\n          src=\"https:\/\/dietrichkies.at\/wp-content\/themes\/dietrichkies\/assets\/img\/svg\/pfeil-rechts.svg\"\n          alt=\"\"\n        \/>\n        <span class=\"sr-only\">N\u00e4chste Slide<\/span>\n      <\/button>\n    <\/div>\n<\/section><\/div>\n\n<div class=\"lazyblock-leistung-text-26Xxj5 wp-block-lazyblock-leistung-text\"><section class=\"leistungen__text container\">\n    <div class=\"row\">\n        <div class=\"center col-md-6 offset-md-2\">\n            <p class=\"sub-h2\">Abbruch<\/p>\n            <h2>\n                Eine Sache f\u00fcr Profis mit<br>Erfahrung und geeignetem Ger\u00e4t.            <\/h2>\n        <\/div>\n    <\/div>\n    <div class=\"row\">\n        <div class=\"col-md-6 offset-md-2\">\n            <p>\n                Die Gebr. Dietrich GmbH erledigt Abbrucharbeiten aller Art. Wir haben f\u00fcr die verschiedensten Arbeiten die passenden Baumaschinen und Anbauger\u00e4te. Selbstverst\u00e4ndlich ist der Abtransport der Baurestmassen ein Teil unserer Arbeit, den wir gerne \u00fcbernehmen. Durch unsere umfassenden, einander erg\u00e4nzenden Dienstleistungen, wie Erdbau, Transporte, Deponie und Recycling, sind wir in der Lage alle Arbeitsschritte effektiv zu erledigen. Wir sichern damit unseren Kunden einen reibungslosen und kosteng\u00fcnstigen Ablauf des Abbruches. Ein wichtiger Punkt bei jedem Abbruch ist die Entsorgung des frei werdenden Materials. Durch unsere Deponie- und Zwischenlagerstandorte sparen wir Transportwege und schonen so die Umwelt. Gerade heute ist die sorgsame und umweltgerechte Entsorgung und Verwertung von mineralischen Baurestmassen von h\u00f6chster Bedeutung. Wir verwerten brauchbare Stoffe mittels moderner Aufbereitungstechniken und f\u00fchren sie so einer effizienten Wiederverwertung zu.            <\/p>\n        <\/div>\n    <\/div>\n<\/section><\/div>\n\n<div class=\"lazyblock-leistung-bildergrid-ZxoEH3 wp-block-lazyblock-leistung-bildergrid\"><section class=\"leistungen__subgrid container\">\n                    <div class=\"leistungen__subgrid-item leistungen__subgrid-item-1\" style=\"background-image: url(https:\/\/dietrichkies.at\/wp-content\/uploads\/2020\/03\/abbruch-1.jpg); \"><\/div>\n                    <div class=\"leistungen__subgrid-item leistungen__subgrid-item-2\" style=\"background-image: url(https:\/\/dietrichkies.at\/wp-content\/uploads\/2020\/03\/abbruch-2.jpg); \"><\/div>\n                    <div class=\"leistungen__subgrid-item leistungen__subgrid-item-3\" style=\"background-image: url(https:\/\/dietrichkies.at\/wp-content\/uploads\/2020\/03\/abbruch-3.jpg); \"><\/div>\n                    <div class=\"leistungen__subgrid-item leistungen__subgrid-item-4\" style=\"background-image: url(https:\/\/dietrichkies.at\/wp-content\/uploads\/2020\/03\/abbruch-4.jpg); \"><\/div>\n            <\/section><\/div>","protected":false},"excerpt":{"rendered":"","protected":false},"author":2,"featured_media":0,"parent":242,"menu_order":0,"comment_status":"closed","ping_status":"closed","template":"","meta":{"inline_featured_image":false,"footnotes":""},"class_list":["post-434","page","type-page","status-publish","hentry"],"_links":{"self":[{"href":"https:\/\/dietrichkies.at\/en\/wp-json\/wp\/v2\/pages\/434","targetHints":{"allow":["GET"]}}],"collection":[{"href":"https:\/\/dietrichkies.at\/en\/wp-json\/wp\/v2\/pages"}],"about":[{"href":"https:\/\/dietrichkies.at\/en\/wp-json\/wp\/v2\/types\/page"}],"author":[{"embeddable":true,"href":"https:\/\/dietrichkies.at\/en\/wp-json\/wp\/v2\/users\/2"}],"replies":[{"embeddable":true,"href":"https:\/\/dietrichkies.at\/en\/wp-json\/wp\/v2\/comments?post=434"}],"version-history":[{"count":2,"href":"https:\/\/dietrichkies.at\/en\/wp-json\/wp\/v2\/pages\/434\/revisions"}],"predecessor-version":[{"id":563,"href":"https:\/\/dietrichkies.at\/en\/wp-json\/wp\/v2\/pages\/434\/revisions\/563"}],"up":[{"embeddable":true,"href":"https:\/\/dietrichkies.at\/en\/wp-json\/wp\/v2\/pages\/242"}],"wp:attachment":[{"href":"https:\/\/dietrichkies.at\/en\/wp-json\/wp\/v2\/media?parent=434"}],"curies":[{"name":"wp","href":"https:\/\/api.w.org\/{rel}","templated":true}]}}