{"id":436,"date":"2020-02-27T12:21:07","date_gmt":"2020-02-27T11:21:07","guid":{"rendered":"http:\/\/neu.dietrichkies.at\/?page_id=436"},"modified":"2020-03-16T12:03:15","modified_gmt":"2020-03-16T11:03:15","slug":"deponie-recycling","status":"publish","type":"page","link":"https:\/\/dietrichkies.at\/en\/leistungen\/deponie-recycling\/","title":{"rendered":"Deponie &#038; Recycling"},"content":{"rendered":"<div class=\"lazyblock-standard-slider-16PkXo wp-block-lazyblock-standard-slider\"><section class=\"leistungen__swiper container swiper\" id=\"swiper-leistungen\">\n    <div class=\"swiper-container col-md-8 offset-md-1\">\n        <div class=\"swiper-wrapper\">\n                            <img\n                    data-src=\"https:\/\/dietrichkies.at\/wp-content\/uploads\/2020\/03\/deponie-0.jpg\"\n                    alt=\"\"\n                    class=\"swiper-slide swiper-lazy\"\n                \/>\n                            <img\n                    data-src=\"https:\/\/dietrichkies.at\/wp-content\/uploads\/2020\/03\/deponie-1.jpg\"\n                    alt=\"\"\n                    class=\"swiper-slide swiper-lazy\"\n                \/>\n                            <img\n                    data-src=\"https:\/\/dietrichkies.at\/wp-content\/uploads\/2020\/03\/deponie-2.jpg\"\n                    alt=\"\"\n                    class=\"swiper-slide swiper-lazy\"\n                \/>\n                            <img\n                    data-src=\"https:\/\/dietrichkies.at\/wp-content\/uploads\/2020\/03\/deponie-3.jpg\"\n                    alt=\"\"\n                    class=\"swiper-slide swiper-lazy\"\n                \/>\n                            <img\n                    data-src=\"https:\/\/dietrichkies.at\/wp-content\/uploads\/2020\/03\/deponie-4.jpg\"\n                    alt=\"\"\n                    class=\"swiper-slide swiper-lazy\"\n                \/>\n                            <img\n                    data-src=\"https:\/\/dietrichkies.at\/wp-content\/uploads\/2020\/03\/deponie-5.jpg\"\n                    alt=\"\"\n                    class=\"swiper-slide swiper-lazy\"\n                \/>\n                    <\/div>\n    <\/div>\n    <div class=\"swiper-pagination__wrapper\">\n      <button class=\"swiper-pagination-custom__prev\">\n        <img decoding=\"async\"\n          src=\"https:\/\/dietrichkies.at\/wp-content\/themes\/dietrichkies\/assets\/img\/svg\/pfeil-links.svg\"\n          alt=\"\"\n        \/>\n        <span class=\"sr-only\">Vorherige Slide<\/span>\n      <\/button>\n      <div class=\"swiper-pagination\"><\/div>\n      <button class=\"swiper-pagination-custom__next\">\n        <img decoding=\"async\"\n          src=\"https:\/\/dietrichkies.at\/wp-content\/themes\/dietrichkies\/assets\/img\/svg\/pfeil-rechts.svg\"\n          alt=\"\"\n        \/>\n        <span class=\"sr-only\">N\u00e4chste Slide<\/span>\n      <\/button>\n    <\/div>\n<\/section><\/div>\n\n<div class=\"lazyblock-leistung-text-tHgrJ wp-block-lazyblock-leistung-text\"><section class=\"leistungen__text container\">\n    <div class=\"row\">\n        <div class=\"center col-md-6 offset-md-2\">\n            <p class=\"sub-h2\">Deponie &#038; Recyling<\/p>\n            <h2>\n                Aktiv f\u00fcr Umweltschutz und Nachhaltigkeit.            <\/h2>\n        <\/div>\n    <\/div>\n    <div class=\"row\">\n        <div class=\"col-md-6 offset-md-2\">\n            <p>\n                Mit unseren Deponiestandorten und Zwischenlagern schlie\u00dfen wir den Baustoffkreislauf in unserem Unternehmen. Seit Jahren sind wir im Bereich der Aufbereitung von Baustoffen t\u00e4tig. In der Bodenaushubdeponie Lavant werden mittels station\u00e4rer Sieb- und Brechanlagen angelieferte Bodenaushubmaterialien aufbereitet. Im genehmigten Zwischenlager am Standort Michlbach k\u00f6nnen Hoch- und Tiefbaurestmassen angeliefert werden. Am Stadtrand der Bezirkshauptstadt Lienz wird die Inertabfalldeponie Pfister betrieben. An diesem Standort k\u00f6nnen ebenfalls Hoch- und Tiefbaurestmassen abgegeben werden. Mittels mobiler Aufbereitungsanlagen haben wir die M\u00f6glichkeit Baurestmassen zu verarbeiten und in wieder nutzbare Produkte umzuwandeln. Sowohl bei der Entsorgung von Bodenaushub, als auch beim Recycling mineralischer Baurestmassen sind zahlreiche Rahmenbedingungen zu beachten. Wir entsorgen Ihre Baustellenabf\u00e4lle umweltgerecht und entsprechend den gesetzlichen Bestimmungen. Die \u00dcbergabe dieser Materialien an den befugten Entsorger Gebr. Dietrich GmbH, gibt Ihnen Rechtssicherheit und sie sind sicher vor finanziellen \u00dcberraschungen aus Abgabennachforderungen (z. B. ALSAG) Mit unserem Recycling arbeiten wir umweltgerecht, sparen knappen Deponieraum und schonen die nat\u00fcrlichen Rohstoffressourcen und sehen dies als Verpflichtung gegen\u00fcber den nachkommenden Generationen.            <\/p>\n        <\/div>\n    <\/div>\n<\/section><\/div>\n\n<div class=\"lazyblock-leistung-bildergrid-2deIzq wp-block-lazyblock-leistung-bildergrid\"><section class=\"leistungen__subgrid container\">\n                    <div class=\"leistungen__subgrid-item leistungen__subgrid-item-1\" style=\"background-image: url(https:\/\/dietrichkies.at\/wp-content\/uploads\/2020\/03\/deponie-1.jpg); \"><\/div>\n                    <div class=\"leistungen__subgrid-item leistungen__subgrid-item-2\" style=\"background-image: url(https:\/\/dietrichkies.at\/wp-content\/uploads\/2020\/03\/deponie-2.jpg); \"><\/div>\n                    <div class=\"leistungen__subgrid-item leistungen__subgrid-item-3\" style=\"background-image: url(https:\/\/dietrichkies.at\/wp-content\/uploads\/2020\/03\/deponie-3.jpg); \"><\/div>\n                    <div class=\"leistungen__subgrid-item leistungen__subgrid-item-4\" style=\"background-image: url(https:\/\/dietrichkies.at\/wp-content\/uploads\/2020\/03\/deponie-4.jpg); \"><\/div>\n            <\/section><\/div>\n\n<div class=\"lazyblock-leistung-kKCrD wp-block-lazyblock-leistung\"><section class=\"leistungen__text-slider container\">\n    <div class=\"swiper-container swiper-leistungen-sub\">\n        <div class=\"swiper-wrapper\">\n                        <div class=\"swiper-slide\">\n                <div class=\"row\">\n                    <div class=\"center col-md-6 offset-md-2\">\n                        <h2 class=\"sub-h2\">Deponie Pfister<\/p>\n                    <\/div>\n                <\/div>\n                <div class=\"row leistungen__text-slider-auswahl\">\n                    <div\n                        class=\"col-2 col-lg-1 offset-lg-2 arrow__container\"\n                    >\n                        <div class=\"arrow__left align-self-start\">\n                            <img decoding=\"async\"\n                                src=\"https:\/\/dietrichkies.at\/wp-content\/themes\/dietrichkies\/assets\/img\/svg\/pfeil-links.svg\"\n                                alt=\"Pfeil nach links\"\n                            \/>\n                        <\/div>\n                    <\/div>\n                    <div class=\"col-6 col-lg-4 center\">\n                        <p class=\"intro-geschichte__jahreszahl\">\n                            Abladung von Deponie und Sekund\u00e4rbaustoffen                        <\/p>\n                    <\/div>\n                    <div class=\"col-2 col-lg-1 arrow__container\">\n                        <div class=\"arrow__right align-self-end\">\n                            <img decoding=\"async\"\n                                src=\"https:\/\/dietrichkies.at\/wp-content\/themes\/dietrichkies\/assets\/img\/svg\/pfeil-rechts.svg\"\n                                alt=\"Pfeil nach rechts\"\n                            \/>\n                        <\/div>\n                    <\/div>\n                <\/div>\n                <div class=\"row center\">\n                    <div class=\"col-lg-6 offset-lg-2\">\n                        <ul class=\"leistungen__text-slider-liste\">\n                        <li>SN 31411 Aushubmaterial (29, 30, 31, 32)<\/li><li>SN 31409 Bauschutt Zwischenlager<\/li><li>SN 31409 Bauschutt stark verunreinigt \u00fcber 50 %<\/li><li>SN 31427 Betonabbruch rein unbew.<\/li><li>SN 31427 Betonabbruch rein bew. bis 50cm Kantenl\u00e4nge<\/li><li>SN 31427 Betonabbruch rein bew. \u00fcber 50cm Kantenl.<\/li><li>SN 54912 Altasphalt rein<\/li><li>SN 54912 Altasphalt vermischt<\/li>                        <\/ul>\n                    <\/div>\n                <\/div>\n            <\/div>\n                        <div class=\"swiper-slide\">\n                <div class=\"row\">\n                    <div class=\"center col-md-6 offset-md-2\">\n                        <h2 class=\"sub-h2\">Deponie Pfister<\/p>\n                    <\/div>\n                <\/div>\n                <div class=\"row leistungen__text-slider-auswahl\">\n                    <div\n                        class=\"col-2 col-lg-1 offset-lg-2 arrow__container\"\n                    >\n                        <div class=\"arrow__left align-self-start\">\n                            <img decoding=\"async\"\n                                src=\"https:\/\/dietrichkies.at\/wp-content\/themes\/dietrichkies\/assets\/img\/svg\/pfeil-links.svg\"\n                                alt=\"Pfeil nach links\"\n                            \/>\n                        <\/div>\n                    <\/div>\n                    <div class=\"col-6 col-lg-4 center\">\n                        <p class=\"intro-geschichte__jahreszahl\">\n                            Baustellenmischabf\u00e4lle                        <\/p>\n                    <\/div>\n                    <div class=\"col-2 col-lg-1 arrow__container\">\n                        <div class=\"arrow__right align-self-end\">\n                            <img decoding=\"async\"\n                                src=\"https:\/\/dietrichkies.at\/wp-content\/themes\/dietrichkies\/assets\/img\/svg\/pfeil-rechts.svg\"\n                                alt=\"Pfeil nach rechts\"\n                            \/>\n                        <\/div>\n                    <\/div>\n                <\/div>\n                <div class=\"row center\">\n                    <div class=\"col-lg-6 offset-lg-2\">\n                        <ul class=\"leistungen__text-slider-liste\">\n                        <li>Wellertenit<\/li><li>Heraklith, Gipskarton<\/li><li>Bauholz<\/li>                        <\/ul>\n                    <\/div>\n                <\/div>\n            <\/div>\n                        <div class=\"swiper-slide\">\n                <div class=\"row\">\n                    <div class=\"center col-md-6 offset-md-2\">\n                        <h2 class=\"sub-h2\">Zwischenlager Michlbach (St. Johann)<\/p>\n                    <\/div>\n                <\/div>\n                <div class=\"row leistungen__text-slider-auswahl\">\n                    <div\n                        class=\"col-2 col-lg-1 offset-lg-2 arrow__container\"\n                    >\n                        <div class=\"arrow__left align-self-start\">\n                            <img decoding=\"async\"\n                                src=\"https:\/\/dietrichkies.at\/wp-content\/themes\/dietrichkies\/assets\/img\/svg\/pfeil-links.svg\"\n                                alt=\"Pfeil nach links\"\n                            \/>\n                        <\/div>\n                    <\/div>\n                    <div class=\"col-6 col-lg-4 center\">\n                        <p class=\"intro-geschichte__jahreszahl\">\n                            Abladung von Deponie und Sekund\u00e4rbaustoffen                        <\/p>\n                    <\/div>\n                    <div class=\"col-2 col-lg-1 arrow__container\">\n                        <div class=\"arrow__right align-self-end\">\n                            <img decoding=\"async\"\n                                src=\"https:\/\/dietrichkies.at\/wp-content\/themes\/dietrichkies\/assets\/img\/svg\/pfeil-rechts.svg\"\n                                alt=\"Pfeil nach rechts\"\n                            \/>\n                        <\/div>\n                    <\/div>\n                <\/div>\n                <div class=\"row center\">\n                    <div class=\"col-lg-6 offset-lg-2\">\n                        <ul class=\"leistungen__text-slider-liste\">\n                        <li>SN 31411 Aushubmaterial (29, 30, 31, 32)<\/li><li>SN 31409 Bauschutt unsortiert<\/li><li>SN 31409 Bauschutt stark verunreinigt \u00fcber 50 %<\/li><li>SN 31427 Betonabbruch rein unbew.<\/li><li>SN 31427 Betonabbruch rein bew. bis 50cm Kantenl\u00e4nge<\/li><li>SN 31427 Betonabbruch rein bew. \u00fcber 50cm Kantenl.<\/li><li>SN 54912 Altasphalt rein<\/li><li>SN 54912 Altasphalt vermischt<\/li><li>SN 91501 Stra\u00dfenkehricht a. d. Fr\u00fchjahrskehrung<\/li><li>SN 91501 Stra\u00dfenkehricht a. d. Fr\u00fchjahrskehrung verunr.<\/li><li>SN 31467 Gleisschotter<\/li><li>SN 91701 Wurzen<\/li>                        <\/ul>\n                    <\/div>\n                <\/div>\n            <\/div>\n                        <div class=\"swiper-slide\">\n                <div class=\"row\">\n                    <div class=\"center col-md-6 offset-md-2\">\n                        <h2 class=\"sub-h2\">Zwischenlager Michlbach (St. Johann)<\/p>\n                    <\/div>\n                <\/div>\n                <div class=\"row leistungen__text-slider-auswahl\">\n                    <div\n                        class=\"col-2 col-lg-1 offset-lg-2 arrow__container\"\n                    >\n                        <div class=\"arrow__left align-self-start\">\n                            <img decoding=\"async\"\n                                src=\"https:\/\/dietrichkies.at\/wp-content\/themes\/dietrichkies\/assets\/img\/svg\/pfeil-links.svg\"\n                                alt=\"Pfeil nach links\"\n                            \/>\n                        <\/div>\n                    <\/div>\n                    <div class=\"col-6 col-lg-4 center\">\n                        <p class=\"intro-geschichte__jahreszahl\">\n                            Baustellenmischabf\u00e4lle                        <\/p>\n                    <\/div>\n                    <div class=\"col-2 col-lg-1 arrow__container\">\n                        <div class=\"arrow__right align-self-end\">\n                            <img decoding=\"async\"\n                                src=\"https:\/\/dietrichkies.at\/wp-content\/themes\/dietrichkies\/assets\/img\/svg\/pfeil-rechts.svg\"\n                                alt=\"Pfeil nach rechts\"\n                            \/>\n                        <\/div>\n                    <\/div>\n                <\/div>\n                <div class=\"row center\">\n                    <div class=\"col-lg-6 offset-lg-2\">\n                        <ul class=\"leistungen__text-slider-liste\">\n                        <li>Wellertenit<\/li><li>Heraklith, Gipskarton<\/li><li>Bauholz<\/li>                        <\/ul>\n                    <\/div>\n                <\/div>\n            <\/div>\n                        <div class=\"swiper-slide\">\n                <div class=\"row\">\n                    <div class=\"center col-md-6 offset-md-2\">\n                        <h2 class=\"sub-h2\">Nassbaggerung Lavant<\/p>\n                    <\/div>\n                <\/div>\n                <div class=\"row leistungen__text-slider-auswahl\">\n                    <div\n                        class=\"col-2 col-lg-1 offset-lg-2 arrow__container\"\n                    >\n                        <div class=\"arrow__left align-self-start\">\n                            <img decoding=\"async\"\n                                src=\"https:\/\/dietrichkies.at\/wp-content\/themes\/dietrichkies\/assets\/img\/svg\/pfeil-links.svg\"\n                                alt=\"Pfeil nach links\"\n                            \/>\n                        <\/div>\n                    <\/div>\n                    <div class=\"col-6 col-lg-4 center\">\n                        <p class=\"intro-geschichte__jahreszahl\">\n                            Abladung von Deponie und Sekund\u00e4rbaustoffen                        <\/p>\n                    <\/div>\n                    <div class=\"col-2 col-lg-1 arrow__container\">\n                        <div class=\"arrow__right align-self-end\">\n                            <img decoding=\"async\"\n                                src=\"https:\/\/dietrichkies.at\/wp-content\/themes\/dietrichkies\/assets\/img\/svg\/pfeil-rechts.svg\"\n                                alt=\"Pfeil nach rechts\"\n                            \/>\n                        <\/div>\n                    <\/div>\n                <\/div>\n                <div class=\"row center\">\n                    <div class=\"col-lg-6 offset-lg-2\">\n                        <ul class=\"leistungen__text-slider-liste\">\n                        <li>SN 31411 Aushubmaterial (29, 30, 31, 32)<\/li>                        <\/ul>\n                    <\/div>\n                <\/div>\n            <\/div>\n                    <\/div>\n    <\/div>\n<\/section><\/div>","protected":false},"excerpt":{"rendered":"","protected":false},"author":2,"featured_media":0,"parent":242,"menu_order":0,"comment_status":"closed","ping_status":"closed","template":"","meta":{"inline_featured_image":false,"footnotes":""},"class_list":["post-436","page","type-page","status-publish","hentry"],"_links":{"self":[{"href":"https:\/\/dietrichkies.at\/en\/wp-json\/wp\/v2\/pages\/436","targetHints":{"allow":["GET"]}}],"collection":[{"href":"https:\/\/dietrichkies.at\/en\/wp-json\/wp\/v2\/pages"}],"about":[{"href":"https:\/\/dietrichkies.at\/en\/wp-json\/wp\/v2\/types\/page"}],"author":[{"embeddable":true,"href":"https:\/\/dietrichkies.at\/en\/wp-json\/wp\/v2\/users\/2"}],"replies":[{"embeddable":true,"href":"https:\/\/dietrichkies.at\/en\/wp-json\/wp\/v2\/comments?post=436"}],"version-history":[{"count":3,"href":"https:\/\/dietrichkies.at\/en\/wp-json\/wp\/v2\/pages\/436\/revisions"}],"predecessor-version":[{"id":571,"href":"https:\/\/dietrichkies.at\/en\/wp-json\/wp\/v2\/pages\/436\/revisions\/571"}],"up":[{"embeddable":true,"href":"https:\/\/dietrichkies.at\/en\/wp-json\/wp\/v2\/pages\/242"}],"wp:attachment":[{"href":"https:\/\/dietrichkies.at\/en\/wp-json\/wp\/v2\/media?parent=436"}],"curies":[{"name":"wp","href":"https:\/\/api.w.org\/{rel}","templated":true}]}}